{"id":1653,"date":"2023-11-27T14:12:43","date_gmt":"2023-11-27T13:12:43","guid":{"rendered":"https:\/\/fundacioguell.com\/aviso-legal\/"},"modified":"2023-12-20T16:12:16","modified_gmt":"2023-12-20T15:12:16","slug":"legal-notice","status":"publish","type":"page","link":"https:\/\/fundacioguell.com\/en\/legal-notice\/","title":{"rendered":"Legal notice"},"content":{"rendered":"<div class=\"row row-collapse row-full-width\"  id=\"row-1619124772\">\n\n\t<div id=\"col-643568914\" class=\"col medium-12 small-12 large-10\"  >\n\t\t\t\t<div class=\"col-inner text-center\"  >\n\t\t\t\n\t\t\t\n\t<section class=\"section\" id=\"section_1047704195\">\n\t\t<div class=\"bg section-bg fill bg-fill  bg-loaded\" >\n\n\t\t\t\n\t\t\t\n\t\t\t\n\n\t\t<\/div>\n\n\t\t\n\n\t\t<div class=\"section-content relative\">\n\t\t\t\n<div class=\"row row-collapse row-full-width align-center\"  id=\"row-1275544350\">\n\n\t<div id=\"col-1556509153\" class=\"col medium-10 small-12 large-10\"  >\n\t\t\t\t<div class=\"col-inner text-left\"  >\n\t\t\t\n\t\t\t\n<h1>Legal notice<\/h1>\n<p>For the purposes of Article 10 of <strong>Law 34\/2002, of July 11, on Information Society Services and Electronic Commerce<\/strong>, it is informed to the user that the owner of the website is the <strong>Fundaci\u00f3 Privada G\u00fcell (hereinafter, G\u00fcell Foundation)<\/strong>, with registered office at Passeig d\u2019Isabel II, number 1, Casa Llotja, 2nd floor,<strong> Barcelona 08003<\/strong>; <strong>with Tax Identification Number G-08413015<\/strong>, email address info@fundacioguell.com, and telephone number 933 192 432. It is registered in the Registry of Foundations of the Generalitat de Catalunya with number 75.<\/p>\n<p><strong> Intellectual and industrial property rights<\/strong><\/p>\n<p>All elements of the website www.fundacioguell.com (including, without limitation, source codes, databases, design, images, photographs, drawings, graphics, applications, search engines, pages, logos, trademarks, and trade names) are owned, have been assigned, or are licensed in favor of the G\u00fcell Foundation (unless expressly stated otherwise).<\/p>\n<p>In this regard, copyright and exploitation rights in all their extent and forms are protected by national and international intellectual and industrial property laws, the infringement of which constitutes unlawful and criminal activity.<\/p>\n<p>In particular, but not limited to the user&#8217;s obligation expressed in the previous section, reproduction, except by express authorization, transformation, distribution, public communication, and in general any other form of exploitation, by any means, of all or part of the contents of the website www.fundacioguell.com, as well as its design, and the selection and presentation of materials included, are prohibited.<\/p>\n<p><strong>Terms of use<\/strong><\/p>\n<p>By accessing and using the website www.fundacioguell.com, the user expressly, fully, and unreservedly agrees to the conditions and instructions published at the time of access.<\/p>\n<p>Access is completely free and does not require any prior registration or sign-up.<\/p>\n<p>The user agrees to make proper and lawful use of the content and services offered by the website www.fundacioguell.com, refraining from engaging in illegal, illicit, or contrary to good faith and public order activities. In particular, the user must avoid any conduct that may undermine the principle of non-discrimination based on sex, race, religion, ideology, or any other personal or social circumstance.<\/p>\n<p>Finally, the user must refrain, in an illustrative and non-limiting manner, from any activity aimed at impersonating any natural or legal person or aimed at interfering, violating, altering, or disconnecting the system, servers, networks, or contents. Also, in any case, refrain from deleting, altering, bypassing, or manipulating any of the protection devices or security systems that may be installed on the website.<\/p>\n<p><strong>Contents<\/strong><\/p>\n<p>The data and content published on the website www.fundacioguell.com are exclusively for informational and\/or dissemination purposes.<\/p>\n<p>The user acknowledges, knows, and accepts that they may be inaccurate, contain errors, or not be duly updated. The G\u00fcell Foundation is not responsible for the use that the user makes of the contents published on the website www.fundacioguell.com.<\/p>\n<p>The G\u00fcell Foundation cannot guarantee the usefulness, timeliness, or lack of errors of the contents of the website www.fundacioguell.com, which in any case are for informational purposes about the activities it carries out and as a portal for exhibiting the works of artists who have voluntarily agreed to have them published. This information cannot be considered infallible, for which reason it must be cross-checked with other sources before adopting any opinion or decision by the user.<\/p>\n<p>Finally, the G\u00fcell Foundation cannot be held responsible for the contents (services, procedures, or any other information) that external entities linked from the website www.fundacioguell.com may offer to users.<\/p>\n<p><strong>Applicable law and jurisdiction<\/strong><\/p>\n<p>These Terms of Use shall be governed and interpreted in accordance with Spanish legislation to the extent not expressly established. The G\u00fcell Foundation and users of this website, expressly waiving any other forum that may correspond to them, submit to the jurisdiction and competence of the Courts and Tribunals of the city of Barcelona (Spain) for the resolution of any issue that may arise regarding the interpretation, application, and compliance with these conditions, as well as any claims that may arise from any use of this website.<\/p>\n\t\t<\/div>\n\t\t\t\t\t<\/div>\n\n\t\n<\/div>\n\t\t<\/div>\n\n\t\t\n<style>\n#section_1047704195 {\n  padding-top: 0px;\n  padding-bottom: 0px;\n  min-height: 70vh;\n}\n@media (min-width:550px) {\n  #section_1047704195 {\n    min-height: 70vh;\n  }\n}\n<\/style>\n\t<\/section>\n\t\n\t<section class=\"section\" id=\"section_564918477\">\n\t\t<div class=\"bg section-bg fill bg-fill  bg-loaded\" >\n\n\t\t\t\n\t\t\t\n\t\t\t\n\n\t\t<\/div>\n\n\t\t\n\n\t\t<div class=\"section-content relative\">\n\t\t\t\n<div class=\"row row-collapse hide-for-small\"  id=\"row-789367183\">\n\n\n\t<div id=\"col-1670855473\" class=\"col small-12 large-12\"  >\n\t\t\t\t<div class=\"col-inner text-left\"  >\n\t\t\t\n\t\t\t\n\n<a href=\"#form\" target=\"_self\" class=\"button primary is-outline\"  style=\"border-radius:99px;\">\n    <span>NEWSLETTER<\/span>\n  <\/a>\n\n\n\n\t\t<\/div>\n\t\t\t\t\n<style>\n#col-1670855473 > .col-inner {\n  padding: 0px 0px 15px 0px;\n}\n<\/style>\n\t<\/div>\n\n\t\n\n\t<div id=\"col-2049698606\" class=\"col medium-8 small-12 large-8\"  >\n\t\t\t\t<div class=\"col-inner text-left\"  >\n\t\t\t\n\t\t\t\n\n<h6>\u00a9 Fundaci\u00f3 G\u00fcell \u2013 2023 \/ <a href=\"https:\/\/fundacioguell.com\/en\/legal-notice\/\">Legal Notice<\/a> \u2013 <a href=\"https:\/\/fundacioguell.com\/en\/cookies-policy\/\">Cookies policy<\/a> \u2013 <a href=\"https:\/\/fundacioguell.com\/en\/privacy-policy\/\">Privacy policy<\/a><\/h6>\n\n\t\t<\/div>\n\t\t\t\t\n<style>\n#col-2049698606 > .col-inner {\n  padding: 8px 0px 0px 0px;\n}\n<\/style>\n\t<\/div>\n\n\t\n\n\t<div id=\"col-20722739\" class=\"col medium-4 small-12 large-4\"  >\n\t\t\t\t<div class=\"col-inner\"  >\n\t\t\t\n\t\t\t\n\n\t<div id=\"text-2328816233\" class=\"text\">\n\t\t\n\n<strong><a href=\"https:\/\/www.instagram.com\/fundacioguell\/\" target=\"_blank\" rel=\"noopener\">Follow us on instagram<\/a><\/strong>\n\t\t\n<style>\n#text-2328816233 {\n  text-align: right;\n}\n<\/style>\n\t<\/div>\n\t\n\n\t\t<\/div>\n\t\t\t\t\t<\/div>\n\n\t\n\n<\/div>\n<div class=\"row row-collapse row-full-width align-middle align-center show-for-small\"  id=\"row-1608375474\">\n\n\n\t<div id=\"col-1454851309\" class=\"col small-12 large-12\"  >\n\t\t\t\t<div class=\"col-inner text-center\"  >\n\t\t\t\n\t\t\t\n\n<a href=\"#form\" target=\"_self\" class=\"button primary is-outline\"  style=\"border-radius:99px;\">\n    <span>NEWSLETTER<\/span>\n  <\/a>\n\n\n\t<div id=\"text-3474732790\" class=\"text\">\n\t\t\n\n<a href=\"https:\/\/www.instagram.com\/fundacioguell\/\" target=\"_blank\" rel=\"noopener\">Follow us instagram<\/a>\n\t\t\n<style>\n#text-3474732790 {\n  text-align: center;\n}\n<\/style>\n\t<\/div>\n\t\n\t<div id=\"text-333649590\" class=\"text\">\n\t\t\n\n<h6>\u00a9 Fundaci\u00f3 G\u00fcell \u2013 2023 \/ Legal Notice \u2013 Cookies policy \u2013 Privacy policy<\/h6>\n\t\t\n<style>\n#text-333649590 {\n  text-align: center;\n}\n<\/style>\n\t<\/div>\n\t\n\n\t\t<\/div>\n\t\t\t\t\t<\/div>\n\n\t\n\n<\/div>\n<p>\t<div id=\"form\"\n\t     class=\"lightbox-by-id lightbox-content mfp-hide lightbox-white \"\n\t     style=\"max-width:470px ;padding:30px\">\n\t\t\t<section class=\"section\" id=\"section_307363461\">\n\t\t<div class=\"bg section-bg fill bg-fill  bg-loaded\" >\n\n\t\t\t\n\t\t\t\n\t\t\t\n\n\t\t<\/div>\n\n\t\t\n\n\t\t<div class=\"section-content relative\">\n\t\t\t\n\n\t<div id=\"gap-1629604688\" class=\"gap-element clearfix\" style=\"display:block; height:auto;\">\n\t\t\n<style>\n#gap-1629604688 {\n  padding-top: 30px;\n}\n<\/style>\n\t<\/div>\n\t\n\n<div class=\"row row-collapse\"  id=\"row-2042799107\">\n\n\n\t<div id=\"col-1991522839\" class=\"col small-12 large-12\"  >\n\t\t\t\t<div class=\"col-inner\"  >\n\t\t\t\n\t\t\t\n\n\t<div id=\"text-96419814\" class=\"text\">\n\t\t\n\n<p>Subscribe to our newsletter to be up to date with our news and upcoming calls!<\/p>\n\n\t\t\n<style>\n#text-96419814 {\n  font-size: 0.9rem;\n}\n<\/style>\n\t<\/div>\n\t\n\n<div class=\"wpcf7 no-js\" id=\"wpcf7-f1625-o1\" lang=\"es-ES\" dir=\"ltr\">\n<div class=\"screen-reader-response\"><p role=\"status\" aria-live=\"polite\" aria-atomic=\"true\"><\/p> <ul><\/ul><\/div>\n<form action=\"\/en\/wp-json\/wp\/v2\/pages\/1653#wpcf7-f1625-o1\" method=\"post\" class=\"wpcf7-form init mailchimp-ext-0.5.72\" aria-label=\"Formulario de contacto\" novalidate=\"novalidate\" data-status=\"init\">\n<div style=\"display: none;\">\n<input type=\"hidden\" name=\"_wpcf7\" value=\"1625\" \/>\n<input type=\"hidden\" name=\"_wpcf7_version\" value=\"5.8.3\" \/>\n<input type=\"hidden\" name=\"_wpcf7_locale\" value=\"es_ES\" \/>\n<input type=\"hidden\" name=\"_wpcf7_unit_tag\" value=\"wpcf7-f1625-o1\" \/>\n<input type=\"hidden\" name=\"_wpcf7_container_post\" value=\"0\" \/>\n<input type=\"hidden\" name=\"_wpcf7_posted_data_hash\" value=\"\" \/>\n<\/div>\n<p><span class=\"wpcf7-form-control-wrap\" data-name=\"sucorreo\"><input size=\"40\" class=\"wpcf7-form-control wpcf7-email wpcf7-validates-as-required wpcf7-text wpcf7-validates-as-email\" aria-required=\"true\" aria-invalid=\"false\" placeholder=\"Email*\" value=\"\" type=\"email\" name=\"sucorreo\" \/><\/span>\n<\/p>\n<p><span class=\"wpcf7-form-control-wrap\" data-name=\"sunombre\"><input size=\"40\" class=\"wpcf7-form-control wpcf7-text wpcf7-validates-as-required\" aria-required=\"true\" aria-invalid=\"false\" placeholder=\"Name and surname*\" value=\"\" type=\"text\" name=\"sunombre\" \/><\/span>\n<\/p>\n<p><span class=\"wpcf7-form-control-wrap\" data-name=\"acceptance-901\"><span class=\"wpcf7-form-control wpcf7-acceptance\"><span class=\"wpcf7-list-item\"><label><input type=\"checkbox\" name=\"acceptance-901\" value=\"1\" aria-invalid=\"false\" \/><span class=\"wpcf7-list-item-label\"><span style=\"font-size:14px\">I have read and accept it <strong><a href=\"https:\/\/fundacioguell.com\/es\/privacy-policy\/\" target=\"_blank\" rel=\"noopener\">privacy policy<\/a><\/strong><span><\/p><\/span><\/label><\/span><\/span><\/span>\n<\/p>\n<p><input class=\"wpcf7-form-control wpcf7-submit has-spinner\" type=\"submit\" value=\"SUBSCRIBE\" \/>\n<\/p><div class=\"wpcf7-response-output\" aria-hidden=\"true\"><\/div><p style=\"display: none !important\"><span class=\"wpcf7-form-control-wrap referer-page\"><input type=\"hidden\" name=\"referer-page\" value=\"http:\/\/Direct%20Visit\" data-value=\"http:\/\/Direct%20Visit\" class=\"wpcf7-form-control wpcf7-text referer-page\" aria-invalid=\"false\"><\/span><\/p>\n<!-- Chimpmatic extension by Renzo Johnson -->\n<\/form>\n<\/div>\n\n\n\n\t\t<\/div>\n\t\t\t\t\t<\/div>\n\n\t\n\n<\/div>\n\n\t\t<\/div>\n\n\t\t\n<style>\n#section_307363461 {\n  padding-top: 0px;\n  padding-bottom: 0px;\n}\n<\/style>\n\t<\/section>\n\t\t<\/div>\n\t\n\t<\/p>\n\t\t<\/div>\n\n\t\t\n<style>\n#section_564918477 {\n  padding-top: 0px;\n  padding-bottom: 0px;\n  min-height: 18vh;\n}\n<\/style>\n\t<\/section>\n\t\n\t\t<\/div>\n\t\t\t\t\n<style>\n#col-643568914 > .col-inner {\n  padding: 120px 0px 0px 0px;\n  margin: 50px 0px 0px 0px;\n}\n<\/style>\n\t<\/div>\n\n\t\n\n\t<div id=\"col-884983577\" class=\"col hide-for-medium medium-2 small-12 large-2\"  >\n\t\t<div class=\"is-sticky-column\"><div class=\"is-sticky-column__inner\">\t\t<div class=\"col-inner\"  >\n\t\t\t\n\t<div class=\"is-border\"\n\t\tstyle=\"border-color:rgb(80, 113, 92);border-width:0px 1px 0px 0px;\">\n\t<\/div>\n\t\t\t\n<div class=\"row row-collapse row-full-width\"  id=\"row-1589247523\">\r\n\r\n\n\t<div id=\"col-174015099\" class=\"col medium-7 small-12 large-7\"  >\n\t\t\t\t<div class=\"col-inner\"  >\n\t\t\t\n\t\t\t\r\n\r\n<div class=\"row row-collapse row-full-width\"  id=\"row-1123535581\">\r\n\r\n\n\t<div id=\"col-1059643721\" class=\"col medium-4 small-12 large-4\"  >\n\t\t\t\t<div class=\"col-inner text-left\"  >\n\t\t\t\n\t\t\t\r\n\r\n\n  <div class=\"banner has-hover\" id=\"banner-754546368\">\n          <div class=\"banner-inner fill\">\n        <div class=\"banner-bg fill\" >\n            <div class=\"bg fill bg-fill \"><\/div>\n                                    \n                    <\/div>\n\t\t\n        <div class=\"banner-layers container\">\n            <a class=\"fill\" href=\"https:\/\/fundacioguell.com\/en\/foundation\/\" ><div class=\"fill banner-link\"><\/div><\/a>            \r\n\r\n   <div id=\"text-box-1454021444\" class=\"text-box banner-layer x50 md-x50 lg-x50 y90 md-y90 lg-y90 res-text\">\n                                <div class=\"text-box-content text dark\">\n              \n              <div class=\"text-inner text-left\">\n                  \r\n\r\n\t<div id=\"text-306478322\" class=\"text min300\">\n\t\t\r\n\r\n<h4><a href=\"https:\/\/fundacioguell.com\/en\/foundation\/\">Foundation<\/a><\/h4>\r\n\t\t\n<style>\n#text-306478322 {\n  font-size: 1.1rem;\n  text-align: left;\n}\n<\/style>\n\t<\/div>\n\t\r\n\r\n              <\/div>\n           <\/div>\n                            \n<style>\n#text-box-1454021444 {\n  width: 100%;\n}\n#text-box-1454021444 .text-box-content {\n  font-size: 100%;\n  transform: rotate(-90deg);\n}\n<\/style>\n    <\/div>\n \r\n\r\n        <\/div>\n      <\/div>\n\n            \n<style>\n#banner-754546368 {\n  padding-top: 100vh;\n  background-color: rgb(214, 162, 86);\n}\n<\/style>\n  <\/div>\n\n\r\n\r\n\t\t<\/div>\n\t\t\t\t\t<\/div>\n\n\t\r\n\n\t<div id=\"col-993508649\" class=\"col medium-4 small-12 large-4\"  >\n\t\t\t\t<div class=\"col-inner\"  >\n\t\t\t\n\t\t\t\r\n\r\n\n  <div class=\"banner has-hover\" id=\"banner-588913987\">\n          <div class=\"banner-inner fill\">\n        <div class=\"banner-bg fill\" >\n            <div class=\"bg fill bg-fill \"><\/div>\n                                    \n                    <\/div>\n\t\t\n        <div class=\"banner-layers container\">\n            <a class=\"fill\" href=\"https:\/\/fundacioguell.com\/en\/grants-prizes\/\" ><div class=\"fill banner-link\"><\/div><\/a>            \r\n\r\n   <div id=\"text-box-1084269218\" class=\"text-box banner-layer x50 md-x50 lg-x50 y90 md-y90 lg-y90 res-text\">\n                                <div class=\"text-box-content text dark\">\n              \n              <div class=\"text-inner text-left\">\n                  \r\n\r\n\t<div id=\"text-2221626407\" class=\"text min300\">\n\t\t\r\n\r\n<h4><a href=\"https:\/\/fundacioguell.com\/en\/grants-prizes\/\" data-wplink-edit=\"true\">Grants + Prizes<\/a><\/h4>\r\n\t\t\n<style>\n#text-2221626407 {\n  font-size: 1.1rem;\n  text-align: left;\n}\n<\/style>\n\t<\/div>\n\t\r\n\r\n              <\/div>\n           <\/div>\n                            \n<style>\n#text-box-1084269218 {\n  width: 100%;\n}\n#text-box-1084269218 .text-box-content {\n  font-size: 100%;\n  transform: rotate(-90deg);\n}\n<\/style>\n    <\/div>\n \r\n\r\n        <\/div>\n      <\/div>\n\n            \n<style>\n#banner-588913987 {\n  padding-top: 100vh;\n  background-color: rgb(179, 85, 66);\n}\n<\/style>\n  <\/div>\n\n\r\n\r\n\t\t<\/div>\n\t\t\t\t\t<\/div>\n\n\t\r\n\n\t<div id=\"col-1619403943\" class=\"col medium-4 small-12 large-4\"  >\n\t\t\t\t<div class=\"col-inner\" style=\"background-color:rgb(218, 156, 163);\" >\n\t\t\t\n\t\t\t\r\n\r\n\n  <div class=\"banner has-hover\" id=\"banner-469077032\">\n          <div class=\"banner-inner fill\">\n        <div class=\"banner-bg fill\" >\n            <div class=\"bg fill bg-fill \"><\/div>\n                                    \n                    <\/div>\n\t\t\n        <div class=\"banner-layers container\">\n            <a class=\"fill\" href=\"https:\/\/fundacioguell.com\/en\/application\/\" ><div class=\"fill banner-link\"><\/div><\/a>            \r\n\r\n   <div id=\"text-box-1572364054\" class=\"text-box banner-layer x50 md-x50 lg-x50 y90 md-y90 lg-y90 res-text\">\n                                <div class=\"text-box-content text dark\">\n              \n              <div class=\"text-inner text-left\">\n                  \r\n\r\n\t<div id=\"text-619751447\" class=\"text min300\">\n\t\t\r\n\r\n<h4><a href=\"https:\/\/fundacioguell.com\/en\/application\/\">Application<\/a><\/h4>\r\n\t\t\n<style>\n#text-619751447 {\n  font-size: 1.1rem;\n  text-align: left;\n}\n<\/style>\n\t<\/div>\n\t\r\n\r\n              <\/div>\n           <\/div>\n                            \n<style>\n#text-box-1572364054 {\n  width: 100%;\n}\n#text-box-1572364054 .text-box-content {\n  font-size: 100%;\n  transform: rotate(-90deg);\n}\n<\/style>\n    <\/div>\n \r\n\r\n        <\/div>\n      <\/div>\n\n            \n<style>\n#banner-469077032 {\n  padding-top: 100vh;\n  background-color: rgb(218, 156, 163);\n}\n<\/style>\n  <\/div>\n\n\r\n\r\n\t\t<\/div>\n\t\t\t\t\t<\/div>\n\n\t\r\n\r\n<\/div>\r\n\r\n\t\t<\/div>\n\t\t\t\t\t<\/div>\n\n\t\r\n\n\t<div id=\"col-751017529\" class=\"col medium-5 small-12 large-5\"  >\n\t\t\t\t<div class=\"col-inner\"  >\n\t\t\t\n\t\t\t\r\n\r\n<div class=\"row row-collapse\"  id=\"row-380016727\">\r\n\r\n\n\t<div id=\"col-1044005179\" class=\"col medium-6 small-12 large-6\"  >\n\t\t\t\t<div class=\"col-inner\" style=\"background-color:rgb(69, 88, 103);\" >\n\t\t\t\n\t\t\t\r\n\r\n\n  <div class=\"banner has-hover\" id=\"banner-1394586444\">\n          <div class=\"banner-inner fill\">\n        <div class=\"banner-bg fill\" >\n            <div class=\"bg fill bg-fill \"><\/div>\n                                    \n                    <\/div>\n\t\t\n        <div class=\"banner-layers container\">\n            <a class=\"fill\" href=\"https:\/\/fundacioguell.com\/en\/contact\/\" ><div class=\"fill banner-link\"><\/div><\/a>            \r\n\r\n   <div id=\"text-box-1427720922\" class=\"text-box banner-layer x50 md-x50 lg-x50 y90 md-y90 lg-y90 res-text\">\n                                <div class=\"text-box-content text dark\">\n              \n              <div class=\"text-inner text-left\">\n                  \r\n\r\n\t<div id=\"text-942146221\" class=\"text min300\">\n\t\t\r\n\r\n<h4><a href=\"https:\/\/fundacioguell.com\/en\/contact\/\">Contact<\/a><\/h4>\r\n\t\t\n<style>\n#text-942146221 {\n  font-size: 1.1rem;\n  text-align: left;\n}\n<\/style>\n\t<\/div>\n\t\r\n\r\n              <\/div>\n           <\/div>\n                            \n<style>\n#text-box-1427720922 {\n  width: 100%;\n}\n#text-box-1427720922 .text-box-content {\n  font-size: 100%;\n  transform: rotate(-90deg);\n}\n<\/style>\n    <\/div>\n \r\n\r\n        <\/div>\n      <\/div>\n\n            \n<style>\n#banner-1394586444 {\n  padding-top: 100vh;\n  background-color: rgb(69, 88, 103);\n}\n<\/style>\n  <\/div>\n\n\r\n\r\n\t\t<\/div>\n\t\t\t\t\t<\/div>\n\n\t\r\n\n\t<div id=\"col-172065881\" class=\"col medium-6 small-12 large-6\"  >\n\t\t\t\t<div class=\"col-inner\"  >\n\t\t\t\n\t\t\t\r\n\r\n\n  <div class=\"banner has-hover\" id=\"banner-803611949\">\n          <div class=\"banner-inner fill\">\n        <div class=\"banner-bg fill\" >\n            <div class=\"bg fill bg-fill \"><\/div>\n                                    \n                    <\/div>\n\t\t\n        <div class=\"banner-layers container\">\n            <a class=\"fill\" href=\"https:\/\/fundacioguell.com\/en\/friends-of-the-guell-foundation\/\" ><div class=\"fill banner-link\"><\/div><\/a>            \r\n\r\n   <div id=\"text-box-1992639399\" class=\"text-box banner-layer x50 md-x50 lg-x50 y90 md-y90 lg-y90 res-text\">\n                                <div class=\"text-box-content text dark\">\n              \n              <div class=\"text-inner text-left\">\n                  \r\n\r\n\t<div id=\"text-1075667313\" class=\"text min300\">\n\t\t\r\n\r\n<h4><a href=\"https:\/\/fundacioguell.com\/en\/friends-of-the-guell-found\">Friends of the G\u00fcell Foundation<\/a><\/h4>\r\n\t\t\n<style>\n#text-1075667313 {\n  font-size: 1.1rem;\n  text-align: left;\n}\n<\/style>\n\t<\/div>\n\t\r\n\r\n              <\/div>\n           <\/div>\n                            \n<style>\n#text-box-1992639399 {\n  width: 100%;\n}\n#text-box-1992639399 .text-box-content {\n  font-size: 100%;\n  transform: rotate(-90deg);\n}\n<\/style>\n    <\/div>\n \r\n\r\n        <\/div>\n      <\/div>\n\n            \n<style>\n#banner-803611949 {\n  padding-top: 100vh;\n  background-color: rgb(80, 113, 92);\n}\n<\/style>\n  <\/div>\n\n\r\n\r\n\t\t<\/div>\n\t\t\t\t\t<\/div>\n\n\t\r\n\r\n<\/div>\r\n\r\n\t\t<\/div>\n\t\t\t\t\n<style>\n#col-751017529 > .col-inner {\n  margin: 0px 0px 0px -1px;\n}\n<\/style>\n\t<\/div>\n\n\t\r\n\r\n<\/div>\n\t\t<\/div>\n\t\t<\/div><\/div>\t\t\n<style>\n#col-884983577 > .is-sticky-column > .is-sticky-column__inner > .col-inner {\n  margin: -30px 0px 0px 0px;\n}\n<\/style>\n\t<\/div>\n\n\t\n<\/div>\n","protected":false},"excerpt":{"rendered":"","protected":false},"author":1,"featured_media":0,"parent":0,"menu_order":0,"comment_status":"closed","ping_status":"closed","template":"page-transparent-header.php","meta":[],"_links":{"self":[{"href":"https:\/\/fundacioguell.com\/en\/wp-json\/wp\/v2\/pages\/1653"}],"collection":[{"href":"https:\/\/fundacioguell.com\/en\/wp-json\/wp\/v2\/pages"}],"about":[{"href":"https:\/\/fundacioguell.com\/en\/wp-json\/wp\/v2\/types\/page"}],"author":[{"embeddable":true,"href":"https:\/\/fundacioguell.com\/en\/wp-json\/wp\/v2\/users\/1"}],"replies":[{"embeddable":true,"href":"https:\/\/fundacioguell.com\/en\/wp-json\/wp\/v2\/comments?post=1653"}],"version-history":[{"count":1,"href":"https:\/\/fundacioguell.com\/en\/wp-json\/wp\/v2\/pages\/1653\/revisions"}],"predecessor-version":[{"id":1657,"href":"https:\/\/fundacioguell.com\/en\/wp-json\/wp\/v2\/pages\/1653\/revisions\/1657"}],"wp:attachment":[{"href":"https:\/\/fundacioguell.com\/en\/wp-json\/wp\/v2\/media?parent=1653"}],"curies":[{"name":"wp","href":"https:\/\/api.w.org\/{rel}","templated":true}]}}