{"id":1654,"date":"2023-11-27T14:15:04","date_gmt":"2023-11-27T13:15:04","guid":{"rendered":"https:\/\/fundacioguell.com\/politica-de-cookies\/"},"modified":"2023-12-20T16:12:00","modified_gmt":"2023-12-20T15:12:00","slug":"cookies-policy","status":"publish","type":"page","link":"https:\/\/fundacioguell.com\/en\/cookies-policy\/","title":{"rendered":"Cookies policy"},"content":{"rendered":"<div class=\"row row-collapse row-full-width\"  id=\"row-1569492339\">\n\n\t<div id=\"col-280771900\" class=\"col medium-12 small-12 large-10\"  >\n\t\t\t\t<div class=\"col-inner text-center\"  >\n\t\t\t\n\t\t\t\n\t<section class=\"section\" id=\"section_692231767\">\n\t\t<div class=\"bg section-bg fill bg-fill  bg-loaded\" >\n\n\t\t\t\n\t\t\t\n\t\t\t\n\n\t\t<\/div>\n\n\t\t\n\n\t\t<div class=\"section-content relative\">\n\t\t\t\n<div class=\"row row-collapse row-full-width align-center\"  id=\"row-698124434\">\n\n\t<div id=\"col-842563395\" class=\"col medium-10 small-12 large-10\"  >\n\t\t\t\t<div class=\"col-inner text-left\"  >\n\t\t\t\n\t\t\t\n<h1>Cookies policy<\/h1>\n<p><strong>The use of<\/strong> <em>cookies<\/em> <strong>by providers of information society services is a common practice and is legally recognized by Law 34\/2002 of July 11, on information society services and electronic commerce (article 22.2). <\/strong><\/p>\n<p>Of the different types of existing cookies, the <strong>Fundaci\u00f3 Privada G\u00fcell (hereinafter, G\u00fcell Foundation)<\/strong> only uses the following types of <em>cookies<\/em> on this website:<\/p>\n<p><strong>1.Technical and customization cookies<\/strong>: These are G\u00fcell Foundation&#8217;s own cookies, intended to manage the operation of the portal, facilitating and improving user access and browsing experience. In this regard, only cookies related to the acceptance status or not of consent regarding these cookies are used, as well as browser recognition cookies for the purpose of determining its compatibility with JavaScript programming language.<\/p>\n<p>The use of these cookies does not identify the user and therefore does not involve obtaining and processing personal data.<\/p>\n<p><strong>2. Analysis cookies<\/strong>: These are statistical or analytical cookies intended to track user behavior in their navigation. Specifically, the following analysis cookies are used: Google Analytics, a tool that helps website owners measure how users interact with site content.<\/p>\n<p>The installation and use of cookies must be expressly consented to by the user, who can refuse or even withdraw their previously given consent at any time.<\/p>\n<p>For this purpose, during the user&#8217;s first visit to our website, they will be informed by the appearance of a window about the existence of cookies, with basic information about them, especially the mode of acceptance and a link to the complete information on the cookie policy.<\/p>\n<p>In the event that the user does not consent to the installation of cookies on their device or later withdraws said consent, it is expressly informed that the service will continue to be fully available, although the user may not benefit from the best use or experience of the website.<\/p>\n<p>Likewise, <strong>the user must be aware that, if they do not expressly reject the installation of<\/strong> <em>cookies<\/em>, <strong>their navigation on the website will be considered as consenting to their use. <\/strong><\/p>\n<p>The user can at any time withdraw previously given consent by disabling and deleting the cookies that have been installed on their device or computer.<\/p>\n\t\t<\/div>\n\t\t\t\t\t<\/div>\n\n\t\n<\/div>\n\t\t<\/div>\n\n\t\t\n<style>\n#section_692231767 {\n  padding-top: 0px;\n  padding-bottom: 0px;\n  min-height: 70vh;\n}\n@media (min-width:550px) {\n  #section_692231767 {\n    min-height: 70vh;\n  }\n}\n<\/style>\n\t<\/section>\n\t\n\t<section class=\"section\" id=\"section_1631359617\">\n\t\t<div class=\"bg section-bg fill bg-fill  bg-loaded\" >\n\n\t\t\t\n\t\t\t\n\t\t\t\n\n\t\t<\/div>\n\n\t\t\n\n\t\t<div class=\"section-content relative\">\n\t\t\t\n<div class=\"row row-collapse hide-for-small\"  id=\"row-1766327730\">\n\n\n\t<div id=\"col-1470588226\" class=\"col small-12 large-12\"  >\n\t\t\t\t<div class=\"col-inner text-left\"  >\n\t\t\t\n\t\t\t\n\n<a href=\"#form\" target=\"_self\" class=\"button primary is-outline\"  style=\"border-radius:99px;\">\n    <span>NEWSLETTER<\/span>\n  <\/a>\n\n\n\n\t\t<\/div>\n\t\t\t\t\n<style>\n#col-1470588226 > .col-inner {\n  padding: 0px 0px 15px 0px;\n}\n<\/style>\n\t<\/div>\n\n\t\n\n\t<div id=\"col-1699284894\" class=\"col medium-8 small-12 large-8\"  >\n\t\t\t\t<div class=\"col-inner text-left\"  >\n\t\t\t\n\t\t\t\n\n<h6>\u00a9 Fundaci\u00f3 G\u00fcell \u2013 2023 \/ <a href=\"https:\/\/fundacioguell.com\/en\/legal-notice\/\">Legal Notice<\/a> \u2013 <a href=\"https:\/\/fundacioguell.com\/en\/cookies-policy\/\">Cookies policy<\/a> \u2013 <a href=\"https:\/\/fundacioguell.com\/en\/privacy-policy\/\">Privacy policy<\/a><\/h6>\n\n\t\t<\/div>\n\t\t\t\t\n<style>\n#col-1699284894 > .col-inner {\n  padding: 8px 0px 0px 0px;\n}\n<\/style>\n\t<\/div>\n\n\t\n\n\t<div id=\"col-1639380898\" class=\"col medium-4 small-12 large-4\"  >\n\t\t\t\t<div class=\"col-inner\"  >\n\t\t\t\n\t\t\t\n\n\t<div id=\"text-3038591451\" class=\"text\">\n\t\t\n\n<strong><a href=\"https:\/\/www.instagram.com\/fundacioguell\/\" target=\"_blank\" rel=\"noopener\">Follow us on instagram<\/a><\/strong>\n\t\t\n<style>\n#text-3038591451 {\n  text-align: right;\n}\n<\/style>\n\t<\/div>\n\t\n\n\t\t<\/div>\n\t\t\t\t\t<\/div>\n\n\t\n\n<\/div>\n<div class=\"row row-collapse row-full-width align-middle align-center show-for-small\"  id=\"row-601879007\">\n\n\n\t<div id=\"col-1342005599\" class=\"col small-12 large-12\"  >\n\t\t\t\t<div class=\"col-inner text-center\"  >\n\t\t\t\n\t\t\t\n\n<a href=\"#form\" target=\"_self\" class=\"button primary is-outline\"  style=\"border-radius:99px;\">\n    <span>NEWSLETTER<\/span>\n  <\/a>\n\n\n\t<div id=\"text-3995790468\" class=\"text\">\n\t\t\n\n<a href=\"https:\/\/www.instagram.com\/fundacioguell\/\" target=\"_blank\" rel=\"noopener\">Follow us instagram<\/a>\n\t\t\n<style>\n#text-3995790468 {\n  text-align: center;\n}\n<\/style>\n\t<\/div>\n\t\n\t<div id=\"text-195815922\" class=\"text\">\n\t\t\n\n<h6>\u00a9 Fundaci\u00f3 G\u00fcell \u2013 2023 \/ Legal Notice \u2013 Cookies policy \u2013 Privacy policy<\/h6>\n\t\t\n<style>\n#text-195815922 {\n  text-align: center;\n}\n<\/style>\n\t<\/div>\n\t\n\n\t\t<\/div>\n\t\t\t\t\t<\/div>\n\n\t\n\n<\/div>\n<p>\t<div id=\"form\"\n\t     class=\"lightbox-by-id lightbox-content mfp-hide lightbox-white \"\n\t     style=\"max-width:470px ;padding:30px\">\n\t\t\t<section class=\"section\" id=\"section_1044839504\">\n\t\t<div class=\"bg section-bg fill bg-fill  bg-loaded\" >\n\n\t\t\t\n\t\t\t\n\t\t\t\n\n\t\t<\/div>\n\n\t\t\n\n\t\t<div class=\"section-content relative\">\n\t\t\t\n\n\t<div id=\"gap-1272614626\" class=\"gap-element clearfix\" style=\"display:block; height:auto;\">\n\t\t\n<style>\n#gap-1272614626 {\n  padding-top: 30px;\n}\n<\/style>\n\t<\/div>\n\t\n\n<div class=\"row row-collapse\"  id=\"row-1923873182\">\n\n\n\t<div id=\"col-1540465931\" class=\"col small-12 large-12\"  >\n\t\t\t\t<div class=\"col-inner\"  >\n\t\t\t\n\t\t\t\n\n\t<div id=\"text-2406798036\" class=\"text\">\n\t\t\n\n<p>Subscribe to our newsletter to be up to date with our news and upcoming calls!<\/p>\n\n\t\t\n<style>\n#text-2406798036 {\n  font-size: 0.9rem;\n}\n<\/style>\n\t<\/div>\n\t\n\n<div class=\"wpcf7 no-js\" id=\"wpcf7-f1625-o1\" lang=\"es-ES\" dir=\"ltr\">\n<div class=\"screen-reader-response\"><p role=\"status\" aria-live=\"polite\" aria-atomic=\"true\"><\/p> <ul><\/ul><\/div>\n<form action=\"\/en\/wp-json\/wp\/v2\/pages\/1654#wpcf7-f1625-o1\" method=\"post\" class=\"wpcf7-form init mailchimp-ext-0.5.72\" aria-label=\"Formulario de contacto\" novalidate=\"novalidate\" data-status=\"init\">\n<div style=\"display: none;\">\n<input type=\"hidden\" name=\"_wpcf7\" value=\"1625\" \/>\n<input type=\"hidden\" name=\"_wpcf7_version\" value=\"5.8.3\" \/>\n<input type=\"hidden\" name=\"_wpcf7_locale\" value=\"es_ES\" \/>\n<input type=\"hidden\" name=\"_wpcf7_unit_tag\" value=\"wpcf7-f1625-o1\" \/>\n<input type=\"hidden\" name=\"_wpcf7_container_post\" value=\"0\" \/>\n<input type=\"hidden\" name=\"_wpcf7_posted_data_hash\" value=\"\" \/>\n<\/div>\n<p><span class=\"wpcf7-form-control-wrap\" data-name=\"sucorreo\"><input size=\"40\" class=\"wpcf7-form-control wpcf7-email wpcf7-validates-as-required wpcf7-text wpcf7-validates-as-email\" aria-required=\"true\" aria-invalid=\"false\" placeholder=\"Email*\" value=\"\" type=\"email\" name=\"sucorreo\" \/><\/span>\n<\/p>\n<p><span class=\"wpcf7-form-control-wrap\" data-name=\"sunombre\"><input size=\"40\" class=\"wpcf7-form-control wpcf7-text wpcf7-validates-as-required\" aria-required=\"true\" aria-invalid=\"false\" placeholder=\"Name and surname*\" value=\"\" type=\"text\" name=\"sunombre\" \/><\/span>\n<\/p>\n<p><span class=\"wpcf7-form-control-wrap\" data-name=\"acceptance-901\"><span class=\"wpcf7-form-control wpcf7-acceptance\"><span class=\"wpcf7-list-item\"><label><input type=\"checkbox\" name=\"acceptance-901\" value=\"1\" aria-invalid=\"false\" \/><span class=\"wpcf7-list-item-label\"><span style=\"font-size:14px\">I have read and accept it <strong><a href=\"https:\/\/fundacioguell.com\/es\/privacy-policy\/\" target=\"_blank\" rel=\"noopener\">privacy policy<\/a><\/strong><span><\/p><\/span><\/label><\/span><\/span><\/span>\n<\/p>\n<p><input class=\"wpcf7-form-control wpcf7-submit has-spinner\" type=\"submit\" value=\"SUBSCRIBE\" \/>\n<\/p><div class=\"wpcf7-response-output\" aria-hidden=\"true\"><\/div><p style=\"display: none !important\"><span class=\"wpcf7-form-control-wrap referer-page\"><input type=\"hidden\" name=\"referer-page\" value=\"http:\/\/Direct%20Visit\" data-value=\"http:\/\/Direct%20Visit\" class=\"wpcf7-form-control wpcf7-text referer-page\" aria-invalid=\"false\"><\/span><\/p>\n<!-- Chimpmatic extension by Renzo Johnson -->\n<\/form>\n<\/div>\n\n\n\n\t\t<\/div>\n\t\t\t\t\t<\/div>\n\n\t\n\n<\/div>\n\n\t\t<\/div>\n\n\t\t\n<style>\n#section_1044839504 {\n  padding-top: 0px;\n  padding-bottom: 0px;\n}\n<\/style>\n\t<\/section>\n\t\t<\/div>\n\t\n\t<\/p>\n\t\t<\/div>\n\n\t\t\n<style>\n#section_1631359617 {\n  padding-top: 0px;\n  padding-bottom: 0px;\n  min-height: 18vh;\n}\n<\/style>\n\t<\/section>\n\t\n\t\t<\/div>\n\t\t\t\t\n<style>\n#col-280771900 > .col-inner {\n  padding: 120px 0px 0px 0px;\n  margin: 50px 0px 0px 0px;\n}\n<\/style>\n\t<\/div>\n\n\t\n\n\t<div id=\"col-1474825300\" class=\"col hide-for-medium medium-2 small-12 large-2\"  >\n\t\t<div class=\"is-sticky-column\"><div class=\"is-sticky-column__inner\">\t\t<div class=\"col-inner\"  >\n\t\t\t\n\t<div class=\"is-border\"\n\t\tstyle=\"border-color:rgb(80, 113, 92);border-width:0px 1px 0px 0px;\">\n\t<\/div>\n\t\t\t\n<div class=\"row row-collapse row-full-width\"  id=\"row-1751641665\">\r\n\r\n\n\t<div id=\"col-399531230\" class=\"col medium-7 small-12 large-7\"  >\n\t\t\t\t<div class=\"col-inner\"  >\n\t\t\t\n\t\t\t\r\n\r\n<div class=\"row row-collapse row-full-width\"  id=\"row-2045771206\">\r\n\r\n\n\t<div id=\"col-1065640788\" class=\"col medium-4 small-12 large-4\"  >\n\t\t\t\t<div class=\"col-inner text-left\"  >\n\t\t\t\n\t\t\t\r\n\r\n\n  <div class=\"banner has-hover\" id=\"banner-1263832911\">\n          <div class=\"banner-inner fill\">\n        <div class=\"banner-bg fill\" >\n            <div class=\"bg fill bg-fill \"><\/div>\n                                    \n                    <\/div>\n\t\t\n        <div class=\"banner-layers container\">\n            <a class=\"fill\" href=\"https:\/\/fundacioguell.com\/en\/foundation\/\" ><div class=\"fill banner-link\"><\/div><\/a>            \r\n\r\n   <div id=\"text-box-1969276043\" class=\"text-box banner-layer x50 md-x50 lg-x50 y90 md-y90 lg-y90 res-text\">\n                                <div class=\"text-box-content text dark\">\n              \n              <div class=\"text-inner text-left\">\n                  \r\n\r\n\t<div id=\"text-1589093106\" class=\"text min300\">\n\t\t\r\n\r\n<h4><a href=\"https:\/\/fundacioguell.com\/en\/foundation\/\">Foundation<\/a><\/h4>\r\n\t\t\n<style>\n#text-1589093106 {\n  font-size: 1.1rem;\n  text-align: left;\n}\n<\/style>\n\t<\/div>\n\t\r\n\r\n              <\/div>\n           <\/div>\n                            \n<style>\n#text-box-1969276043 {\n  width: 100%;\n}\n#text-box-1969276043 .text-box-content {\n  font-size: 100%;\n  transform: rotate(-90deg);\n}\n<\/style>\n    <\/div>\n \r\n\r\n        <\/div>\n      <\/div>\n\n            \n<style>\n#banner-1263832911 {\n  padding-top: 100vh;\n  background-color: rgb(214, 162, 86);\n}\n<\/style>\n  <\/div>\n\n\r\n\r\n\t\t<\/div>\n\t\t\t\t\t<\/div>\n\n\t\r\n\n\t<div id=\"col-624319362\" class=\"col medium-4 small-12 large-4\"  >\n\t\t\t\t<div class=\"col-inner\"  >\n\t\t\t\n\t\t\t\r\n\r\n\n  <div class=\"banner has-hover\" id=\"banner-1169401219\">\n          <div class=\"banner-inner fill\">\n        <div class=\"banner-bg fill\" >\n            <div class=\"bg fill bg-fill \"><\/div>\n                                    \n                    <\/div>\n\t\t\n        <div class=\"banner-layers container\">\n            <a class=\"fill\" href=\"https:\/\/fundacioguell.com\/en\/grants-prizes\/\" ><div class=\"fill banner-link\"><\/div><\/a>            \r\n\r\n   <div id=\"text-box-586944559\" class=\"text-box banner-layer x50 md-x50 lg-x50 y90 md-y90 lg-y90 res-text\">\n                                <div class=\"text-box-content text dark\">\n              \n              <div class=\"text-inner text-left\">\n                  \r\n\r\n\t<div id=\"text-3240852372\" class=\"text min300\">\n\t\t\r\n\r\n<h4><a href=\"https:\/\/fundacioguell.com\/en\/grants-prizes\/\" data-wplink-edit=\"true\">Grants + Prizes<\/a><\/h4>\r\n\t\t\n<style>\n#text-3240852372 {\n  font-size: 1.1rem;\n  text-align: left;\n}\n<\/style>\n\t<\/div>\n\t\r\n\r\n              <\/div>\n           <\/div>\n                            \n<style>\n#text-box-586944559 {\n  width: 100%;\n}\n#text-box-586944559 .text-box-content {\n  font-size: 100%;\n  transform: rotate(-90deg);\n}\n<\/style>\n    <\/div>\n \r\n\r\n        <\/div>\n      <\/div>\n\n            \n<style>\n#banner-1169401219 {\n  padding-top: 100vh;\n  background-color: rgb(179, 85, 66);\n}\n<\/style>\n  <\/div>\n\n\r\n\r\n\t\t<\/div>\n\t\t\t\t\t<\/div>\n\n\t\r\n\n\t<div id=\"col-1619298659\" class=\"col medium-4 small-12 large-4\"  >\n\t\t\t\t<div class=\"col-inner\" style=\"background-color:rgb(218, 156, 163);\" >\n\t\t\t\n\t\t\t\r\n\r\n\n  <div class=\"banner has-hover\" id=\"banner-241732962\">\n          <div class=\"banner-inner fill\">\n        <div class=\"banner-bg fill\" >\n            <div class=\"bg fill bg-fill \"><\/div>\n                                    \n                    <\/div>\n\t\t\n        <div class=\"banner-layers container\">\n            <a class=\"fill\" href=\"https:\/\/fundacioguell.com\/en\/application\/\" ><div class=\"fill banner-link\"><\/div><\/a>            \r\n\r\n   <div id=\"text-box-1950565036\" class=\"text-box banner-layer x50 md-x50 lg-x50 y90 md-y90 lg-y90 res-text\">\n                                <div class=\"text-box-content text dark\">\n              \n              <div class=\"text-inner text-left\">\n                  \r\n\r\n\t<div id=\"text-4097490020\" class=\"text min300\">\n\t\t\r\n\r\n<h4><a href=\"https:\/\/fundacioguell.com\/en\/application\/\">Application<\/a><\/h4>\r\n\t\t\n<style>\n#text-4097490020 {\n  font-size: 1.1rem;\n  text-align: left;\n}\n<\/style>\n\t<\/div>\n\t\r\n\r\n              <\/div>\n           <\/div>\n                            \n<style>\n#text-box-1950565036 {\n  width: 100%;\n}\n#text-box-1950565036 .text-box-content {\n  font-size: 100%;\n  transform: rotate(-90deg);\n}\n<\/style>\n    <\/div>\n \r\n\r\n        <\/div>\n      <\/div>\n\n            \n<style>\n#banner-241732962 {\n  padding-top: 100vh;\n  background-color: rgb(218, 156, 163);\n}\n<\/style>\n  <\/div>\n\n\r\n\r\n\t\t<\/div>\n\t\t\t\t\t<\/div>\n\n\t\r\n\r\n<\/div>\r\n\r\n\t\t<\/div>\n\t\t\t\t\t<\/div>\n\n\t\r\n\n\t<div id=\"col-1410915414\" class=\"col medium-5 small-12 large-5\"  >\n\t\t\t\t<div class=\"col-inner\"  >\n\t\t\t\n\t\t\t\r\n\r\n<div class=\"row row-collapse\"  id=\"row-1039376824\">\r\n\r\n\n\t<div id=\"col-1372573727\" class=\"col medium-6 small-12 large-6\"  >\n\t\t\t\t<div class=\"col-inner\" style=\"background-color:rgb(69, 88, 103);\" >\n\t\t\t\n\t\t\t\r\n\r\n\n  <div class=\"banner has-hover\" id=\"banner-1691687314\">\n          <div class=\"banner-inner fill\">\n        <div class=\"banner-bg fill\" >\n            <div class=\"bg fill bg-fill \"><\/div>\n                                    \n                    <\/div>\n\t\t\n        <div class=\"banner-layers container\">\n            <a class=\"fill\" href=\"https:\/\/fundacioguell.com\/en\/contact\/\" ><div class=\"fill banner-link\"><\/div><\/a>            \r\n\r\n   <div id=\"text-box-1731608591\" class=\"text-box banner-layer x50 md-x50 lg-x50 y90 md-y90 lg-y90 res-text\">\n                                <div class=\"text-box-content text dark\">\n              \n              <div class=\"text-inner text-left\">\n                  \r\n\r\n\t<div id=\"text-1195957633\" class=\"text min300\">\n\t\t\r\n\r\n<h4><a href=\"https:\/\/fundacioguell.com\/en\/contact\/\">Contact<\/a><\/h4>\r\n\t\t\n<style>\n#text-1195957633 {\n  font-size: 1.1rem;\n  text-align: left;\n}\n<\/style>\n\t<\/div>\n\t\r\n\r\n              <\/div>\n           <\/div>\n                            \n<style>\n#text-box-1731608591 {\n  width: 100%;\n}\n#text-box-1731608591 .text-box-content {\n  font-size: 100%;\n  transform: rotate(-90deg);\n}\n<\/style>\n    <\/div>\n \r\n\r\n        <\/div>\n      <\/div>\n\n            \n<style>\n#banner-1691687314 {\n  padding-top: 100vh;\n  background-color: rgb(69, 88, 103);\n}\n<\/style>\n  <\/div>\n\n\r\n\r\n\t\t<\/div>\n\t\t\t\t\t<\/div>\n\n\t\r\n\n\t<div id=\"col-2070698161\" class=\"col medium-6 small-12 large-6\"  >\n\t\t\t\t<div class=\"col-inner\"  >\n\t\t\t\n\t\t\t\r\n\r\n\n  <div class=\"banner has-hover\" id=\"banner-386767062\">\n          <div class=\"banner-inner fill\">\n        <div class=\"banner-bg fill\" >\n            <div class=\"bg fill bg-fill \"><\/div>\n                                    \n                    <\/div>\n\t\t\n        <div class=\"banner-layers container\">\n            <a class=\"fill\" href=\"https:\/\/fundacioguell.com\/en\/friends-of-the-guell-foundation\/\" ><div class=\"fill banner-link\"><\/div><\/a>            \r\n\r\n   <div id=\"text-box-1215484561\" class=\"text-box banner-layer x50 md-x50 lg-x50 y90 md-y90 lg-y90 res-text\">\n                                <div class=\"text-box-content text dark\">\n              \n              <div class=\"text-inner text-left\">\n                  \r\n\r\n\t<div id=\"text-907773962\" class=\"text min300\">\n\t\t\r\n\r\n<h4><a href=\"https:\/\/fundacioguell.com\/en\/friends-of-the-guell-found\">Friends of the G\u00fcell Foundation<\/a><\/h4>\r\n\t\t\n<style>\n#text-907773962 {\n  font-size: 1.1rem;\n  text-align: left;\n}\n<\/style>\n\t<\/div>\n\t\r\n\r\n              <\/div>\n           <\/div>\n                            \n<style>\n#text-box-1215484561 {\n  width: 100%;\n}\n#text-box-1215484561 .text-box-content {\n  font-size: 100%;\n  transform: rotate(-90deg);\n}\n<\/style>\n    <\/div>\n \r\n\r\n        <\/div>\n      <\/div>\n\n            \n<style>\n#banner-386767062 {\n  padding-top: 100vh;\n  background-color: rgb(80, 113, 92);\n}\n<\/style>\n  <\/div>\n\n\r\n\r\n\t\t<\/div>\n\t\t\t\t\t<\/div>\n\n\t\r\n\r\n<\/div>\r\n\r\n\t\t<\/div>\n\t\t\t\t\n<style>\n#col-1410915414 > .col-inner {\n  margin: 0px 0px 0px -1px;\n}\n<\/style>\n\t<\/div>\n\n\t\r\n\r\n<\/div>\n\t\t<\/div>\n\t\t<\/div><\/div>\t\t\n<style>\n#col-1474825300 > .is-sticky-column > .is-sticky-column__inner > .col-inner {\n  margin: -30px 0px 0px 0px;\n}\n<\/style>\n\t<\/div>\n\n\t\n<\/div>\n","protected":false},"excerpt":{"rendered":"","protected":false},"author":1,"featured_media":0,"parent":0,"menu_order":0,"comment_status":"closed","ping_status":"closed","template":"page-transparent-header.php","meta":[],"_links":{"self":[{"href":"https:\/\/fundacioguell.com\/en\/wp-json\/wp\/v2\/pages\/1654"}],"collection":[{"href":"https:\/\/fundacioguell.com\/en\/wp-json\/wp\/v2\/pages"}],"about":[{"href":"https:\/\/fundacioguell.com\/en\/wp-json\/wp\/v2\/types\/page"}],"author":[{"embeddable":true,"href":"https:\/\/fundacioguell.com\/en\/wp-json\/wp\/v2\/users\/1"}],"replies":[{"embeddable":true,"href":"https:\/\/fundacioguell.com\/en\/wp-json\/wp\/v2\/comments?post=1654"}],"version-history":[{"count":1,"href":"https:\/\/fundacioguell.com\/en\/wp-json\/wp\/v2\/pages\/1654\/revisions"}],"predecessor-version":[{"id":1656,"href":"https:\/\/fundacioguell.com\/en\/wp-json\/wp\/v2\/pages\/1654\/revisions\/1656"}],"wp:attachment":[{"href":"https:\/\/fundacioguell.com\/en\/wp-json\/wp\/v2\/media?parent=1654"}],"curies":[{"name":"wp","href":"https:\/\/api.w.org\/{rel}","templated":true}]}}