{"id":1412,"date":"2023-09-23T08:41:48","date_gmt":"2023-09-23T06:41:48","guid":{"rendered":"https:\/\/fundacioguell.com\/aplica\/"},"modified":"2025-06-17T17:10:49","modified_gmt":"2025-06-17T15:10:49","slug":"aplica","status":"publish","type":"page","link":"https:\/\/fundacioguell.com\/es\/aplica\/","title":{"rendered":"Aplica"},"content":{"rendered":"<div class=\"row row-collapse row-full-width\"  id=\"row-1961453430\">\n\n\t<div id=\"col-1962515228\" class=\"col medium-12 small-12 large-10\"  >\n\t\t\t\t<div class=\"col-inner text-center\"  >\n\t\t\t\n\t\t\t\n\t<section class=\"section\" id=\"section_1648116916\">\n\t\t<div class=\"bg section-bg fill bg-fill  bg-loaded\" >\n\n\t\t\t\n\t\t\t\n\t\t\t\n\n\t\t<\/div>\n\n\t\t\n\n\t\t<div class=\"section-content relative\">\n\t\t\t\n<div class=\"row row-collapse row-full-width align-center\"  id=\"row-803700105\">\n\n\t<div id=\"col-631764176\" class=\"col medium-10 small-12 large-10\"  >\n\t\t\t\t<div class=\"col-inner text-center\"  >\n\t\t\t\n\t\t\t\n\t<div id=\"text-279314561\" class=\"text\">\n\t\t\n<h4><strong>1 &#8211; Desc\u00e1rgate las bases para las convocatorias de las becas de este a\u00f1o<br \/><\/strong><\/h4>\n\t\t\n<style>\n#text-279314561 {\n  text-align: center;\n}\n<\/style>\n\t<\/div>\n\t\n<div class=\"row row-collapse row-full-width align-center\"  id=\"row-379363944\">\n\n\t<div id=\"col-1461209167\" class=\"col medium-10 small-12 large-10\"  >\n\t\t\t\t<div class=\"col-inner text-center\"  >\n\t\t\t\n\t\t\t\n<div class=\"ux-logo has-hover align-middle ux_logo inline-block\" style=\"max-width: 100%!important; width: 80px!important\"><div class=\"ux-logo-link block image-\" title=\"\" href=\"\" style=\"padding: 15px;\"><img src=\"https:\/\/fundacioguell.com\/wp-content\/uploads\/2023\/10\/flecha-negra.png\" title=\"\" alt=\"\" class=\"ux-logo-image block\" style=\"height:50px;\" \/><\/div><\/div>\n\t\t<\/div>\n\t\t\t\t\n<style>\n#col-1461209167 > .col-inner {\n  padding: 10px 0px 15px 0px;\n}\n<\/style>\n\t<\/div>\n\n\t\n<\/div>\n\t<div id=\"text-4180468109\" class=\"text\">\n\t\t\n<h2><span style=\"color: #da9ca3;\"><u><a style=\"color: #da9ca3;\" href=\"https:\/\/fundacioguell.com\/wp-content\/uploads\/2025\/06\/Bases-beca-musica-2025.pdf\" target=\"_blank\" rel=\"noopener\">Beca M\u00fasica<\/a><br \/><a style=\"color: #da9ca3;\" href=\"https:\/\/fundacioguell.com\/wp-content\/uploads\/2025\/06\/Bases-beca-arts-visuals-2025.pdf\" target=\"_blank\" rel=\"noopener\">Beca Artes Visuales<\/a><br \/><\/u><\/span><\/h2>\n\t\t\n<style>\n#text-4180468109 {\n  font-size: 1.5rem;\n  text-align: center;\n  color: rgb(218, 156, 163);\n}\n#text-4180468109 > * {\n  color: rgb(218, 156, 163);\n}\n<\/style>\n\t<\/div>\n\t\n<div class=\"is-divider divider clearfix\" style=\"background-color:rgb(218, 156, 163);\"><\/div>\n\t<div id=\"text-3895419\" class=\"text\">\n\t\t\n<h2><span style=\"color: #da9ca3;\"><u><a style=\"color: #da9ca3;\" href=\"https:\/\/fundacioguell.com\/wp-content\/uploads\/2025\/06\/Bases-premi-arquitectura-2025.pdf\" target=\"_blank\" rel=\"noopener\">Premio de Arquitectura<\/a><br \/><\/u><\/span><\/h2>\n\t\t\n<style>\n#text-3895419 {\n  font-size: 1.5rem;\n  text-align: center;\n  color: rgb(218, 156, 163);\n}\n#text-3895419 > * {\n  color: rgb(218, 156, 163);\n}\n<\/style>\n\t<\/div>\n\t\n\t<div id=\"text-2011743797\" class=\"text\">\n\t\t\n<p><span style=\"font-size: 22px; line-height: 24px\">* Contacta con tu universidad para obtener informaci\u00f3n sobre el premio de arquitectura al mejor proyecto de final de grado y su proceso de admisi\u00f3n de candidaturas.<\/span><\/p>\n\t\t\n<style>\n#text-2011743797 {\n  font-size: 2rem;\n  text-align: center;\n}\n<\/style>\n\t<\/div>\n\t\n\t\t<\/div>\n\t\t\t\t\t<\/div>\n\n\t\n<\/div>\n<div class=\"row row-collapse row-full-width align-center\"  id=\"row-1416522105\">\n\n\t<div id=\"col-2100659060\" class=\"col medium-10 small-12 large-10\"  >\n\t\t\t\t<div class=\"col-inner text-center\"  >\n\t\t\t\n\t\t\t\n<div class=\"ux-logo has-hover align-middle ux_logo inline-block\" style=\"max-width: 100%!important; width: 80px!important\"><div class=\"ux-logo-link block image-\" title=\"\" href=\"\" style=\"padding: 15px;\"><img src=\"https:\/\/fundacioguell.com\/wp-content\/uploads\/2023\/10\/flecha-negra.png\" title=\"\" alt=\"\" class=\"ux-logo-image block\" style=\"height:50px;\" \/><\/div><\/div>\n\t\t<\/div>\n\t\t\t\t\n<style>\n#col-2100659060 > .col-inner {\n  padding: 10px 0px 15px 0px;\n}\n<\/style>\n\t<\/div>\n\n\t\n<\/div>\n<div class=\"row row-collapse align-equal align-center\" style=\"max-width:600px\" id=\"row-329010151\">\n\n\t<div id=\"col-153030040\" class=\"col small-12 large-12\"  >\n\t\t\t\t<div class=\"col-inner text-left\"  >\n\t\t\t\n\t\t\t\n\t<div id=\"text-1043405824\" class=\"text\">\n\t\t\n<h4><strong>2 \u2013 Aplica a les Becas<\/strong><\/h4>\n\t\t\n<style>\n#text-1043405824 {\n  font-size: 2rem;\n  text-align: center;\n  color: rgb(0,0,0);\n}\n#text-1043405824 > * {\n  color: rgb(0,0,0);\n}\n<\/style>\n\t<\/div>\n\t\n\t<div id=\"text-1799136867\" class=\"text\">\n\t\t\n<p><span style=\"font-size: 22px; line-height: 24px;\">Aplica a las becas siguiendo las bases espec\u00edficas de la convocatoria. Env\u00eda un \u00fanico documento en formato PDF al siguiente correo electr\u00f3nico:<\/span><\/p>\n<p><span style=\"font-size: 22px; line-height: 24px;\"><a href=\"mailto:info@fundacioguell.com\"><u>info@fundacioguell.com<\/u><\/a><\/span><\/p>\n\t\t\n<style>\n#text-1799136867 {\n  text-align: center;\n}\n<\/style>\n\t<\/div>\n\t\n\t\t<\/div>\n\t\t\t\t\n<style>\n#col-153030040 > .col-inner {\n  margin: 0px 0px 0px 0px;\n}\n<\/style>\n\t<\/div>\n\n\t\n<\/div>\n\t<div id=\"gap-1179925173\" class=\"gap-element clearfix\" style=\"display:block; height:auto;\">\n\t\t\n<style>\n#gap-1179925173 {\n  padding-top: 30px;\n}\n<\/style>\n\t<\/div>\n\t\n\t\t<\/div>\n\n\t\t\n<style>\n#section_1648116916 {\n  padding-top: 0px;\n  padding-bottom: 0px;\n}\n<\/style>\n\t<\/section>\n\t\n\t<section class=\"section\" id=\"section_1975809084\">\n\t\t<div class=\"bg section-bg fill bg-fill  bg-loaded\" >\n\n\t\t\t\n\t\t\t\n\t\t\t\n\n\t\t<\/div>\n\n\t\t\n\n\t\t<div class=\"section-content relative\">\n\t\t\t\n\t<div id=\"gap-1018325743\" class=\"gap-element clearfix\" style=\"display:block; height:auto;\">\n\t\t\n<style>\n#gap-1018325743 {\n  padding-top: 30px;\n}\n<\/style>\n\t<\/div>\n\t\n<div class=\"row row-collapse hide-for-small\"  id=\"row-1599042986\">\n\n\n\t<div id=\"col-1187590241\" class=\"col small-12 large-12\"  >\n\t\t\t\t<div class=\"col-inner text-left\"  >\n\t\t\t\n\t\t\t\n\n<a href=\"#form\" target=\"_self\" class=\"button primary is-outline\"  style=\"border-radius:99px;\">\n    <span>NEWSLETTER<\/span>\n  <\/a>\n\n\n\n\t\t<\/div>\n\t\t\t\t\n<style>\n#col-1187590241 > .col-inner {\n  padding: 0px 0px 15px 0px;\n}\n<\/style>\n\t<\/div>\n\n\t\n\n\t<div id=\"col-2122063989\" class=\"col medium-8 small-12 large-8\"  >\n\t\t\t\t<div class=\"col-inner text-left\"  >\n\t\t\t\n\t\t\t\n\n<h6>\u00a9 Fundaci\u00f3 G\u00fcell \u2013 2023 \/ <a href=\"https:\/\/fundacioguell.com\/es\/aviso-legal\/\">Aviso Legal<\/a> \u2013 <a href=\"https:\/\/fundacioguell.com\/es\/politica-de-cookies\/\">Pol\u00edtica de Cookies<\/a> \u2013 <a href=\"https:\/\/fundacioguell.com\/es\/politica-de-privacidad\/\">Pol\u00edtica de Privacidad<\/a><\/h6>\n\n\t\t<\/div>\n\t\t\t\t\n<style>\n#col-2122063989 > .col-inner {\n  padding: 8px 0px 0px 0px;\n}\n<\/style>\n\t<\/div>\n\n\t\n\n\t<div id=\"col-1200823148\" class=\"col medium-4 small-12 large-4\"  >\n\t\t\t\t<div class=\"col-inner\"  >\n\t\t\t\n\t\t\t\n\n\t<div id=\"text-4009770206\" class=\"text\">\n\t\t\n\n<strong><a href=\"https:\/\/www.instagram.com\/fundacioguell\/\" target=\"_blank\" rel=\"noopener\">S\u00edguenos en instagram<\/a><\/strong>\n\t\t\n<style>\n#text-4009770206 {\n  text-align: right;\n}\n<\/style>\n\t<\/div>\n\t\n\n\t\t<\/div>\n\t\t\t\t\t<\/div>\n\n\t\n\n<\/div>\n<div class=\"row row-collapse row-full-width align-middle align-center show-for-small\"  id=\"row-1846456988\">\n\n\n\t<div id=\"col-987694331\" class=\"col small-12 large-12\"  >\n\t\t\t\t<div class=\"col-inner text-center\"  >\n\t\t\t\n\t\t\t\n\n<a href=\"#form\" target=\"_self\" class=\"button primary is-outline\"  style=\"border-radius:99px;\">\n    <span>NEWSLETTER<\/span>\n  <\/a>\n\n\n\t<div id=\"text-1042849780\" class=\"text\">\n\t\t\n\n<a href=\"https:\/\/www.instagram.com\/fundacioguell\/\" target=\"_blank\" rel=\"noopener\">S\u00edguenos en instagram<\/a>\n\t\t\n<style>\n#text-1042849780 {\n  text-align: center;\n}\n<\/style>\n\t<\/div>\n\t\n\t<div id=\"text-2282956368\" class=\"text\">\n\t\t\n\n<h6>\u00a9 Fundaci\u00f3 G\u00fcell \u2013 2023 \/ Aviso Legal \u2013 Pol\u00edtica de Cookies \u2013 Pol\u00edtica de Privacidad<\/h6>\n\t\t\n<style>\n#text-2282956368 {\n  text-align: center;\n}\n<\/style>\n\t<\/div>\n\t\n\n\t\t<\/div>\n\t\t\t\t\t<\/div>\n\n\t\n\n<\/div>\n<p>&nbsp;<\/p>\n<p>\t<div id=\"form\"\n\t     class=\"lightbox-by-id lightbox-content mfp-hide lightbox-white \"\n\t     style=\"max-width:470px ;padding:30px\">\n\t\t\t<section class=\"section\" id=\"section_1121921921\">\n\t\t<div class=\"bg section-bg fill bg-fill  bg-loaded\" >\n\n\t\t\t\n\t\t\t\n\t\t\t\n\n\t\t<\/div>\n\n\t\t\n\n\t\t<div class=\"section-content relative\">\n\t\t\t\n\n\t<div id=\"gap-64164985\" class=\"gap-element clearfix\" style=\"display:block; height:auto;\">\n\t\t\n<style>\n#gap-64164985 {\n  padding-top: 30px;\n}\n<\/style>\n\t<\/div>\n\t\n\n<div class=\"row row-collapse\"  id=\"row-949353577\">\n\n\n\t<div id=\"col-209785737\" class=\"col small-12 large-12\"  >\n\t\t\t\t<div class=\"col-inner\"  >\n\t\t\t\n\t\t\t\n\n\t<div id=\"text-1937014197\" class=\"text\">\n\t\t\n\n<p>\u00a1Ap\u00fantate a nuestra newsletter para estar al d\u00eda de nuestras novedades y pr\u00f3ximas convocatorias!<\/p>\n\n\t\t\n<style>\n#text-1937014197 {\n  font-size: 0.9rem;\n}\n<\/style>\n\t<\/div>\n\t\n\n<div class=\"wpcf7 no-js\" id=\"wpcf7-f1617-o1\" lang=\"es-ES\" dir=\"ltr\">\n<div class=\"screen-reader-response\"><p role=\"status\" aria-live=\"polite\" aria-atomic=\"true\"><\/p> <ul><\/ul><\/div>\n<form action=\"\/es\/wp-json\/wp\/v2\/pages\/1412#wpcf7-f1617-o1\" method=\"post\" class=\"wpcf7-form init mailchimp-ext-0.5.72\" aria-label=\"Formulario de contacto\" novalidate=\"novalidate\" data-status=\"init\">\n<div style=\"display: none;\">\n<input type=\"hidden\" name=\"_wpcf7\" value=\"1617\" \/>\n<input type=\"hidden\" name=\"_wpcf7_version\" value=\"5.8.3\" \/>\n<input type=\"hidden\" name=\"_wpcf7_locale\" value=\"es_ES\" \/>\n<input type=\"hidden\" name=\"_wpcf7_unit_tag\" value=\"wpcf7-f1617-o1\" \/>\n<input type=\"hidden\" name=\"_wpcf7_container_post\" value=\"0\" \/>\n<input type=\"hidden\" name=\"_wpcf7_posted_data_hash\" value=\"\" \/>\n<\/div>\n<p><span class=\"wpcf7-form-control-wrap\" data-name=\"sucorreo\"><input size=\"40\" class=\"wpcf7-form-control wpcf7-email wpcf7-validates-as-required wpcf7-text wpcf7-validates-as-email\" aria-required=\"true\" aria-invalid=\"false\" placeholder=\"Email*\" value=\"\" type=\"email\" name=\"sucorreo\" \/><\/span>\n<\/p>\n<p><span class=\"wpcf7-form-control-wrap\" data-name=\"sunombre\"><input size=\"40\" class=\"wpcf7-form-control wpcf7-text wpcf7-validates-as-required\" aria-required=\"true\" aria-invalid=\"false\" placeholder=\"Nombre y apellidos*\" value=\"\" type=\"text\" name=\"sunombre\" \/><\/span>\n<\/p>\n<p><span class=\"wpcf7-form-control-wrap\" data-name=\"acceptance-901\"><span class=\"wpcf7-form-control wpcf7-acceptance\"><span class=\"wpcf7-list-item\"><label><input type=\"checkbox\" name=\"acceptance-901\" value=\"1\" aria-invalid=\"false\" \/><span class=\"wpcf7-list-item-label\"><span style=\"font-size:14px\">He le\u00eddo y acepto la <strong><a href=\"https:\/\/fundacioguell.com\/es\/politica-de-privacidad\/\" target=\"_blank\" rel=\"noopener\">pol\u00edtica de privacidad<\/a><\/strong><span><\/p><\/span><\/label><\/span><\/span><\/span>\n<\/p>\n<p><input class=\"wpcf7-form-control wpcf7-submit has-spinner\" type=\"submit\" value=\"SUSCR\u00cdBETE\" \/>\n<\/p><div class=\"wpcf7-response-output\" aria-hidden=\"true\"><\/div><p style=\"display: none !important\"><span class=\"wpcf7-form-control-wrap referer-page\"><input type=\"hidden\" name=\"referer-page\" value=\"http:\/\/Direct%20Visit\" data-value=\"http:\/\/Direct%20Visit\" class=\"wpcf7-form-control wpcf7-text referer-page\" aria-invalid=\"false\"><\/span><\/p>\n<!-- Chimpmatic extension by Renzo Johnson -->\n<\/form>\n<\/div>\n\n\n\n\t\t<\/div>\n\t\t\t\t\t<\/div>\n\n\t\n\n<\/div>\n\n\t\t<\/div>\n\n\t\t\n<style>\n#section_1121921921 {\n  padding-top: 0px;\n  padding-bottom: 0px;\n}\n<\/style>\n\t<\/section>\n\t\t<\/div>\n\t\n\t<\/p>\n\t\t<\/div>\n\n\t\t\n<style>\n#section_1975809084 {\n  padding-top: 0px;\n  padding-bottom: 0px;\n  min-height: 18vh;\n}\n<\/style>\n\t<\/section>\n\t\n\t\t<\/div>\n\t\t\t\t\n<style>\n#col-1962515228 > .col-inner {\n  padding: 150px 0px 0px 0px;\n}\n@media (min-width:550px) {\n  #col-1962515228 > .col-inner {\n    padding: 120px 3% 0px 3%;\n  }\n}\n<\/style>\n\t<\/div>\n\n\t\n\n\t<div id=\"col-969463119\" class=\"col hide-for-medium medium-2 small-12 large-2\"  >\n\t\t<div class=\"is-sticky-column\"><div class=\"is-sticky-column__inner\">\t\t<div class=\"col-inner\"  >\n\t\t\t\n\t<div class=\"is-border\"\n\t\tstyle=\"border-color:rgb(80, 113, 92);border-width:0px 1px 0px 0px;\">\n\t<\/div>\n\t\t\t\n<div class=\"row row-collapse row-full-width\"  id=\"row-430933367\">\r\n\r\n\n\t<div id=\"col-469357518\" class=\"col medium-7 small-12 large-7\"  >\n\t\t\t\t<div class=\"col-inner\"  >\n\t\t\t\n\t\t\t\r\n\r\n<div class=\"row row-collapse row-full-width\"  id=\"row-283701111\">\r\n\r\n\n\t<div id=\"col-1169408173\" class=\"col medium-4 small-12 large-4\"  >\n\t\t\t\t<div class=\"col-inner text-left\"  >\n\t\t\t\n\t\t\t\r\n\r\n\n  <div class=\"banner has-hover\" id=\"banner-1834039395\">\n          <div class=\"banner-inner fill\">\n        <div class=\"banner-bg fill\" >\n            <div class=\"bg fill bg-fill \"><\/div>\n                                    \n                    <\/div>\n\t\t\n        <div class=\"banner-layers container\">\n            <a class=\"fill\" href=\"https:\/\/fundacioguell.com\/es\/fundacion\/\" ><div class=\"fill banner-link\"><\/div><\/a>            \r\n\r\n   <div id=\"text-box-1250805785\" class=\"text-box banner-layer x50 md-x50 lg-x50 y90 md-y90 lg-y90 res-text\">\n                                <div class=\"text-box-content text dark\">\n              \n              <div class=\"text-inner text-left\">\n                  \r\n\r\n\t<div id=\"text-166440015\" class=\"text min300\">\n\t\t\r\n\r\n<h4><a href=\"https:\/\/fundacioguell.com\/es\/fundacion\/\">Fundaci\u00f3n<\/a><\/h4>\r\n\t\t\n<style>\n#text-166440015 {\n  font-size: 1.1rem;\n  text-align: left;\n}\n<\/style>\n\t<\/div>\n\t\r\n\r\n              <\/div>\n           <\/div>\n                            \n<style>\n#text-box-1250805785 {\n  width: 100%;\n}\n#text-box-1250805785 .text-box-content {\n  font-size: 100%;\n  transform: rotate(-90deg);\n}\n<\/style>\n    <\/div>\n \r\n\r\n        <\/div>\n      <\/div>\n\n            \n<style>\n#banner-1834039395 {\n  padding-top: 100vh;\n  background-color: rgb(214, 162, 86);\n}\n<\/style>\n  <\/div>\n\n\r\n\r\n\t\t<\/div>\n\t\t\t\t\t<\/div>\n\n\t\r\n\n\t<div id=\"col-983377955\" class=\"col medium-4 small-12 large-4\"  >\n\t\t\t\t<div class=\"col-inner\"  >\n\t\t\t\n\t\t\t\r\n\r\n\n  <div class=\"banner has-hover\" id=\"banner-1649070976\">\n          <div class=\"banner-inner fill\">\n        <div class=\"banner-bg fill\" >\n            <div class=\"bg fill bg-fill \"><\/div>\n                                    \n                    <\/div>\n\t\t\n        <div class=\"banner-layers container\">\n            <a class=\"fill\" href=\"https:\/\/fundacioguell.com\/es\/becas-premios\/\" ><div class=\"fill banner-link\"><\/div><\/a>            \r\n\r\n   <div id=\"text-box-751439053\" class=\"text-box banner-layer x50 md-x50 lg-x50 y90 md-y90 lg-y90 res-text\">\n                                <div class=\"text-box-content text dark\">\n              \n              <div class=\"text-inner text-left\">\n                  \r\n\r\n\t<div id=\"text-1537939158\" class=\"text min300\">\n\t\t\r\n\r\n<h4><a href=\"https:\/\/fundacioguell.com\/es\/becas-premios\/\">Becas + Premios<\/a><\/h4>\r\n\t\t\n<style>\n#text-1537939158 {\n  font-size: 1.1rem;\n  text-align: left;\n}\n<\/style>\n\t<\/div>\n\t\r\n\r\n              <\/div>\n           <\/div>\n                            \n<style>\n#text-box-751439053 {\n  width: 100%;\n}\n#text-box-751439053 .text-box-content {\n  font-size: 100%;\n  transform: rotate(-90deg);\n}\n<\/style>\n    <\/div>\n \r\n\r\n        <\/div>\n      <\/div>\n\n            \n<style>\n#banner-1649070976 {\n  padding-top: 100vh;\n  background-color: rgb(179, 85, 66);\n}\n<\/style>\n  <\/div>\n\n\r\n\r\n\t\t<\/div>\n\t\t\t\t\t<\/div>\n\n\t\r\n\n\t<div id=\"col-1787078060\" class=\"col medium-4 small-12 large-4\"  >\n\t\t\t\t<div class=\"col-inner\" style=\"background-color:rgb(218, 156, 163);\" >\n\t\t\t\n\t\t\t\r\n\r\n\n  <div class=\"banner has-hover\" id=\"banner-133351504\">\n          <div class=\"banner-inner fill\">\n        <div class=\"banner-bg fill\" >\n            <div class=\"bg fill bg-fill \"><\/div>\n                                    \n                    <\/div>\n\t\t\n        <div class=\"banner-layers container\">\n            <a class=\"fill\" href=\"https:\/\/fundacioguell.com\/es\/aplica\/\" ><div class=\"fill banner-link\"><\/div><\/a>            \r\n\r\n   <div id=\"text-box-1130802997\" class=\"text-box banner-layer x50 md-x50 lg-x50 y90 md-y90 lg-y90 res-text\">\n                                <div class=\"text-box-content text dark\">\n              \n              <div class=\"text-inner text-left\">\n                  \r\n\r\n\t<div id=\"text-2143329177\" class=\"text min300\">\n\t\t\r\n\r\n<h4><a href=\"https:\/\/fundacioguell.com\/es\/aplica\/\">Aplica<\/a><\/h4>\r\n\t\t\n<style>\n#text-2143329177 {\n  font-size: 1.1rem;\n  text-align: left;\n}\n<\/style>\n\t<\/div>\n\t\r\n\r\n              <\/div>\n           <\/div>\n                            \n<style>\n#text-box-1130802997 {\n  width: 100%;\n}\n#text-box-1130802997 .text-box-content {\n  font-size: 100%;\n  transform: rotate(-90deg);\n}\n<\/style>\n    <\/div>\n \r\n\r\n        <\/div>\n      <\/div>\n\n            \n<style>\n#banner-133351504 {\n  padding-top: 100vh;\n  background-color: rgb(218, 156, 163);\n}\n<\/style>\n  <\/div>\n\n\r\n\r\n\t\t<\/div>\n\t\t\t\t\t<\/div>\n\n\t\r\n\r\n<\/div>\r\n\r\n\t\t<\/div>\n\t\t\t\t\t<\/div>\n\n\t\r\n\n\t<div id=\"col-1100803580\" class=\"col medium-5 small-12 large-5\"  >\n\t\t\t\t<div class=\"col-inner\"  >\n\t\t\t\n\t\t\t\r\n\r\n<div class=\"row row-collapse\"  id=\"row-1549873610\">\r\n\r\n\n\t<div id=\"col-1083978409\" class=\"col medium-6 small-12 large-6\"  >\n\t\t\t\t<div class=\"col-inner\" style=\"background-color:rgb(69, 88, 103);\" >\n\t\t\t\n\t\t\t\r\n\r\n\n  <div class=\"banner has-hover\" id=\"banner-1429813731\">\n          <div class=\"banner-inner fill\">\n        <div class=\"banner-bg fill\" >\n            <div class=\"bg fill bg-fill \"><\/div>\n                                    \n                    <\/div>\n\t\t\n        <div class=\"banner-layers container\">\n            <a class=\"fill\" href=\"https:\/\/fundacioguell.com\/es\/contacto\/\" ><div class=\"fill banner-link\"><\/div><\/a>            \r\n\r\n   <div id=\"text-box-1702903650\" class=\"text-box banner-layer x50 md-x50 lg-x50 y90 md-y90 lg-y90 res-text\">\n                                <div class=\"text-box-content text dark\">\n              \n              <div class=\"text-inner text-left\">\n                  \r\n\r\n\t<div id=\"text-2005709834\" class=\"text min300\">\n\t\t\r\n\r\n<h4><a href=\"https:\/\/fundacioguell.com\/es\/contacto\/\">Contacto<\/a><\/h4>\r\n\t\t\n<style>\n#text-2005709834 {\n  font-size: 1.1rem;\n  text-align: left;\n}\n<\/style>\n\t<\/div>\n\t\r\n\r\n              <\/div>\n           <\/div>\n                            \n<style>\n#text-box-1702903650 {\n  width: 100%;\n}\n#text-box-1702903650 .text-box-content {\n  font-size: 100%;\n  transform: rotate(-90deg);\n}\n<\/style>\n    <\/div>\n \r\n\r\n        <\/div>\n      <\/div>\n\n            \n<style>\n#banner-1429813731 {\n  padding-top: 100vh;\n  background-color: rgb(69, 88, 103);\n}\n<\/style>\n  <\/div>\n\n\r\n\r\n\t\t<\/div>\n\t\t\t\t\t<\/div>\n\n\t\r\n\n\t<div id=\"col-116419934\" class=\"col medium-6 small-12 large-6\"  >\n\t\t\t\t<div class=\"col-inner\"  >\n\t\t\t\n\t\t\t\r\n\r\n\n  <div class=\"banner has-hover\" id=\"banner-1258139167\">\n          <div class=\"banner-inner fill\">\n        <div class=\"banner-bg fill\" >\n            <div class=\"bg fill bg-fill \"><\/div>\n                                    \n                    <\/div>\n\t\t\n        <div class=\"banner-layers container\">\n            <a class=\"fill\" href=\"https:\/\/fundacioguell.com\/es\/amigos-fundacio-guell\/\" ><div class=\"fill banner-link\"><\/div><\/a>            \r\n\r\n   <div id=\"text-box-573745745\" class=\"text-box banner-layer x50 md-x50 lg-x50 y90 md-y90 lg-y90 res-text\">\n                                <div class=\"text-box-content text dark\">\n              \n              <div class=\"text-inner text-left\">\n                  \r\n\r\n\t<div id=\"text-2864194377\" class=\"text min300\">\n\t\t\r\n\r\n<h4><a href=\"https:\/\/fundacioguell.com\/es\/amigos-fundacio-guell\/\">Amigos Fundaci\u00f3 G\u00fcell<\/a><\/h4>\r\n\t\t\n<style>\n#text-2864194377 {\n  font-size: 1.1rem;\n  text-align: left;\n}\n<\/style>\n\t<\/div>\n\t\r\n\r\n              <\/div>\n           <\/div>\n                            \n<style>\n#text-box-573745745 {\n  width: 100%;\n}\n#text-box-573745745 .text-box-content {\n  font-size: 100%;\n  transform: rotate(-90deg);\n}\n<\/style>\n    <\/div>\n \r\n\r\n        <\/div>\n      <\/div>\n\n            \n<style>\n#banner-1258139167 {\n  padding-top: 100vh;\n  background-color: rgb(80, 113, 92);\n}\n<\/style>\n  <\/div>\n\n\r\n\r\n\t\t<\/div>\n\t\t\t\t\t<\/div>\n\n\t\r\n\r\n<\/div>\r\n\r\n\t\t<\/div>\n\t\t\t\t\n<style>\n#col-1100803580 > .col-inner {\n  margin: 0px 0px 0px -1px;\n}\n<\/style>\n\t<\/div>\n\n\t\r\n\r\n<\/div>\n\t\t<\/div>\n\t\t<\/div><\/div>\t\t\n<style>\n#col-969463119 > .is-sticky-column > .is-sticky-column__inner > .col-inner {\n  margin: -30px 0px 0px 0px;\n}\n<\/style>\n\t<\/div>\n\n\t\n<\/div>\n","protected":false},"excerpt":{"rendered":"","protected":false},"author":1,"featured_media":0,"parent":0,"menu_order":0,"comment_status":"closed","ping_status":"closed","template":"page-transparent-header.php","meta":[],"_links":{"self":[{"href":"https:\/\/fundacioguell.com\/es\/wp-json\/wp\/v2\/pages\/1412"}],"collection":[{"href":"https:\/\/fundacioguell.com\/es\/wp-json\/wp\/v2\/pages"}],"about":[{"href":"https:\/\/fundacioguell.com\/es\/wp-json\/wp\/v2\/types\/page"}],"author":[{"embeddable":true,"href":"https:\/\/fundacioguell.com\/es\/wp-json\/wp\/v2\/users\/1"}],"replies":[{"embeddable":true,"href":"https:\/\/fundacioguell.com\/es\/wp-json\/wp\/v2\/comments?post=1412"}],"version-history":[{"count":12,"href":"https:\/\/fundacioguell.com\/es\/wp-json\/wp\/v2\/pages\/1412\/revisions"}],"predecessor-version":[{"id":1766,"href":"https:\/\/fundacioguell.com\/es\/wp-json\/wp\/v2\/pages\/1412\/revisions\/1766"}],"wp:attachment":[{"href":"https:\/\/fundacioguell.com\/es\/wp-json\/wp\/v2\/media?parent=1412"}],"curies":[{"name":"wp","href":"https:\/\/api.w.org\/{rel}","templated":true}]}}