{"id":1609,"date":"2023-11-27T14:15:04","date_gmt":"2023-11-27T13:15:04","guid":{"rendered":"https:\/\/fundacioguell.com\/?page_id=1609"},"modified":"2023-12-20T16:07:19","modified_gmt":"2023-12-20T15:07:19","slug":"politica-de-cookies","status":"publish","type":"page","link":"https:\/\/fundacioguell.com\/es\/politica-de-cookies\/","title":{"rendered":"Pol\u00edtica de cookies"},"content":{"rendered":"<div class=\"row row-collapse row-full-width\"  id=\"row-396082832\">\n\n\t<div id=\"col-213209188\" class=\"col medium-12 small-12 large-10\"  >\n\t\t\t\t<div class=\"col-inner text-center\"  >\n\t\t\t\n\t\t\t\n\t<section class=\"section\" id=\"section_2087651764\">\n\t\t<div class=\"bg section-bg fill bg-fill  bg-loaded\" >\n\n\t\t\t\n\t\t\t\n\t\t\t\n\n\t\t<\/div>\n\n\t\t\n\n\t\t<div class=\"section-content relative\">\n\t\t\t\n<div class=\"row row-collapse row-full-width align-center\"  id=\"row-1679298556\">\n\n\t<div id=\"col-354509442\" class=\"col medium-10 small-12 large-10\"  >\n\t\t\t\t<div class=\"col-inner text-left\"  >\n\t\t\t\n\t\t\t\n<h1>Pol\u00edtica de cookies<\/h1>\n<p><strong>La utilizaci\u00f3n de <\/strong><em>cookies<\/em><strong> por los prestadores de servicios de la sociedad de la informaci\u00f3n es una pr\u00e1ctica habitual y viene reconocida legalmente por la Ley 34\/2002 de 11 de julio, de servicios de la sociedad de la informaci\u00f3n y del comercio electr\u00f3nico (art\u00edculo 22.2).<\/strong><\/p>\n<p>De los distintos tipos de <em>cookies<\/em> existentes, la <strong>Fundaci\u00f3 Privada G\u00fcell (en adelante, Fundaci\u00f3 G\u00fcell)<\/strong>, \u00fanicamente utiliza en el presente portal web el siguiente tipo de <em>cookies<\/em>:<\/p>\n<ol>\n<li><em>Cookies t\u00e9cnicas y de personalizaci\u00f3n<\/em>: se trata de <em>cookies<\/em> propias de Fundaci\u00f3 G\u00fcell, cuya finalidad es gestionar el funcionamiento del portal, facilitando y mejorando el acceso y experiencia de navegaci\u00f3n al usuario. A este respecto solo se utilizan <em>cookies<\/em> relativas al estado de aceptaci\u00f3n o no del consentimiento sobre las mismas <em>cookies<\/em>, as\u00ed como <em>cookies<\/em> de reconocimiento del navegador a los efectos de determinar su compatibilidad con el lenguaje de programaci\u00f3n <em>JavaScript<\/em>.<\/li>\n<\/ol>\n<p>El uso de las referidas <em>cookies<\/em> no identifica al usuario y por tanto, no supone la obtenci\u00f3n y tratamiento de datos de car\u00e1cter personal.<\/p>\n<ol start=\"2\">\n<li><em>Cookies de an\u00e1lisis<\/em>: se trata de cookies de tipo estad\u00edstico o anal\u00edtico destinadas a llevar a cabo el seguimiento del comportamiento del usuario en su navegaci\u00f3n. Concretamente, se utilizan las siguientes <em>cookies<\/em> de an\u00e1lisis: Google Analytics, una herramienta que ayuda a los propietarios de sitios web a medir c\u00f3mo interact\u00faan los usuarios con el contenido del sitio.<\/li>\n<\/ol>\n<p>La instalaci\u00f3n y uso de <em>cookies<\/em> debe ser consentido expresamente por el usuario, pudi\u00e9ndose negar a ello o incluso retirar en cualquier momento su consentimiento previamente otorgado.<\/p>\n<p>Para ello, en la primera visita que el usuario haga a nuestro portal web, se informar\u00e1 mediante la aparici\u00f3n de una ventana, sobre la existencia de <em>cookies<\/em>, con la informaci\u00f3n b\u00e1sica de las mismas, en especial el modo de su aceptaci\u00f3n y un enlace a la informaci\u00f3n completa sobre la pol\u00edtica de <em>cookies<\/em>.<\/p>\n<p>Para el caso que el usuario no consienta la instalaci\u00f3n de las <em>cookies<\/em> en su equipo o retira con posterioridad dicho consentimiento, se informa expresamente que el servicio seguir\u00e1 disponible de forma total, aunque el usuario no podr\u00e1 beneficiarse del mejor aprovechamiento o experiencia en el uso del portal web.<\/p>\n<p>As\u00ed mismo, <strong>el usuario debe tener presente que, si no realiza una acci\u00f3n expresa de rechazo de la instalaci\u00f3n de las <\/strong><em>cookies<\/em><strong>, su navegaci\u00f3n por el portal web tendr\u00e1 la consideraci\u00f3n de prestaci\u00f3n de su consentimiento<\/strong><strong>.<\/strong><\/p>\n<p>El usuario puede retirar en cualquier momento el consentimiento previamente otorgado, deshabilitando y eliminando las <em>cookies<\/em> que han sido instaladas en su equipo o dispositivo.<\/p>\n\t\t<\/div>\n\t\t\t\t\t<\/div>\n\n\t\n<\/div>\n\t\t<\/div>\n\n\t\t\n<style>\n#section_2087651764 {\n  padding-top: 0px;\n  padding-bottom: 0px;\n  min-height: 70vh;\n}\n@media (min-width:550px) {\n  #section_2087651764 {\n    min-height: 70vh;\n  }\n}\n<\/style>\n\t<\/section>\n\t\n\t<section class=\"section\" id=\"section_2037397003\">\n\t\t<div class=\"bg section-bg fill bg-fill  bg-loaded\" >\n\n\t\t\t\n\t\t\t\n\t\t\t\n\n\t\t<\/div>\n\n\t\t\n\n\t\t<div class=\"section-content relative\">\n\t\t\t\n<div class=\"row row-collapse hide-for-small\"  id=\"row-719881869\">\n\n\n\t<div id=\"col-399121850\" class=\"col small-12 large-12\"  >\n\t\t\t\t<div class=\"col-inner text-left\"  >\n\t\t\t\n\t\t\t\n\n<a href=\"#form\" target=\"_self\" class=\"button primary is-outline\"  style=\"border-radius:99px;\">\n    <span>NEWSLETTER<\/span>\n  <\/a>\n\n\n\n\t\t<\/div>\n\t\t\t\t\n<style>\n#col-399121850 > .col-inner {\n  padding: 0px 0px 15px 0px;\n}\n<\/style>\n\t<\/div>\n\n\t\n\n\t<div id=\"col-172235274\" class=\"col medium-8 small-12 large-8\"  >\n\t\t\t\t<div class=\"col-inner text-left\"  >\n\t\t\t\n\t\t\t\n\n<h6>\u00a9 Fundaci\u00f3 G\u00fcell \u2013 2023 \/ <a href=\"https:\/\/fundacioguell.com\/es\/aviso-legal\/\">Aviso Legal<\/a> \u2013 <a href=\"https:\/\/fundacioguell.com\/es\/politica-de-cookies\/\">Pol\u00edtica de Cookies<\/a> \u2013 <a href=\"https:\/\/fundacioguell.com\/es\/politica-de-privacidad\/\">Pol\u00edtica de Privacidad<\/a><\/h6>\n\n\t\t<\/div>\n\t\t\t\t\n<style>\n#col-172235274 > .col-inner {\n  padding: 8px 0px 0px 0px;\n}\n<\/style>\n\t<\/div>\n\n\t\n\n\t<div id=\"col-1539100018\" class=\"col medium-4 small-12 large-4\"  >\n\t\t\t\t<div class=\"col-inner\"  >\n\t\t\t\n\t\t\t\n\n\t<div id=\"text-3812506292\" class=\"text\">\n\t\t\n\n<strong><a href=\"https:\/\/www.instagram.com\/fundacioguell\/\" target=\"_blank\" rel=\"noopener\">S\u00edguenos en instagram<\/a><\/strong>\n\t\t\n<style>\n#text-3812506292 {\n  text-align: right;\n}\n<\/style>\n\t<\/div>\n\t\n\n\t\t<\/div>\n\t\t\t\t\t<\/div>\n\n\t\n\n<\/div>\n<div class=\"row row-collapse row-full-width align-middle align-center show-for-small\"  id=\"row-1455922888\">\n\n\n\t<div id=\"col-1979178237\" class=\"col small-12 large-12\"  >\n\t\t\t\t<div class=\"col-inner text-center\"  >\n\t\t\t\n\t\t\t\n\n<a href=\"#form\" target=\"_self\" class=\"button primary is-outline\"  style=\"border-radius:99px;\">\n    <span>NEWSLETTER<\/span>\n  <\/a>\n\n\n\t<div id=\"text-2869671565\" class=\"text\">\n\t\t\n\n<a href=\"https:\/\/www.instagram.com\/fundacioguell\/\" target=\"_blank\" rel=\"noopener\">S\u00edguenos en instagram<\/a>\n\t\t\n<style>\n#text-2869671565 {\n  text-align: center;\n}\n<\/style>\n\t<\/div>\n\t\n\t<div id=\"text-3102322726\" class=\"text\">\n\t\t\n\n<h6>\u00a9 Fundaci\u00f3 G\u00fcell \u2013 2023 \/ Aviso Legal \u2013 Pol\u00edtica de Cookies \u2013 Pol\u00edtica de Privacidad<\/h6>\n\t\t\n<style>\n#text-3102322726 {\n  text-align: center;\n}\n<\/style>\n\t<\/div>\n\t\n\n\t\t<\/div>\n\t\t\t\t\t<\/div>\n\n\t\n\n<\/div>\n<p>&nbsp;<\/p>\n<p>\t<div id=\"form\"\n\t     class=\"lightbox-by-id lightbox-content mfp-hide lightbox-white \"\n\t     style=\"max-width:470px ;padding:30px\">\n\t\t\t<section class=\"section\" id=\"section_1378332482\">\n\t\t<div class=\"bg section-bg fill bg-fill  bg-loaded\" >\n\n\t\t\t\n\t\t\t\n\t\t\t\n\n\t\t<\/div>\n\n\t\t\n\n\t\t<div class=\"section-content relative\">\n\t\t\t\n\n\t<div id=\"gap-696006170\" class=\"gap-element clearfix\" style=\"display:block; height:auto;\">\n\t\t\n<style>\n#gap-696006170 {\n  padding-top: 30px;\n}\n<\/style>\n\t<\/div>\n\t\n\n<div class=\"row row-collapse\"  id=\"row-1152965203\">\n\n\n\t<div id=\"col-401611443\" class=\"col small-12 large-12\"  >\n\t\t\t\t<div class=\"col-inner\"  >\n\t\t\t\n\t\t\t\n\n\t<div id=\"text-369491456\" class=\"text\">\n\t\t\n\n<p>\u00a1Ap\u00fantate a nuestra newsletter para estar al d\u00eda de nuestras novedades y pr\u00f3ximas convocatorias!<\/p>\n\n\t\t\n<style>\n#text-369491456 {\n  font-size: 0.9rem;\n}\n<\/style>\n\t<\/div>\n\t\n\n<div class=\"wpcf7 no-js\" id=\"wpcf7-f1617-o1\" lang=\"es-ES\" dir=\"ltr\">\n<div class=\"screen-reader-response\"><p role=\"status\" aria-live=\"polite\" aria-atomic=\"true\"><\/p> <ul><\/ul><\/div>\n<form action=\"\/es\/wp-json\/wp\/v2\/pages\/1609#wpcf7-f1617-o1\" method=\"post\" class=\"wpcf7-form init mailchimp-ext-0.5.72\" aria-label=\"Formulario de contacto\" novalidate=\"novalidate\" data-status=\"init\">\n<div style=\"display: none;\">\n<input type=\"hidden\" name=\"_wpcf7\" value=\"1617\" \/>\n<input type=\"hidden\" name=\"_wpcf7_version\" value=\"5.8.3\" \/>\n<input type=\"hidden\" name=\"_wpcf7_locale\" value=\"es_ES\" \/>\n<input type=\"hidden\" name=\"_wpcf7_unit_tag\" value=\"wpcf7-f1617-o1\" \/>\n<input type=\"hidden\" name=\"_wpcf7_container_post\" value=\"0\" \/>\n<input type=\"hidden\" name=\"_wpcf7_posted_data_hash\" value=\"\" \/>\n<\/div>\n<p><span class=\"wpcf7-form-control-wrap\" data-name=\"sucorreo\"><input size=\"40\" class=\"wpcf7-form-control wpcf7-email wpcf7-validates-as-required wpcf7-text wpcf7-validates-as-email\" aria-required=\"true\" aria-invalid=\"false\" placeholder=\"Email*\" value=\"\" type=\"email\" name=\"sucorreo\" \/><\/span>\n<\/p>\n<p><span class=\"wpcf7-form-control-wrap\" data-name=\"sunombre\"><input size=\"40\" class=\"wpcf7-form-control wpcf7-text wpcf7-validates-as-required\" aria-required=\"true\" aria-invalid=\"false\" placeholder=\"Nombre y apellidos*\" value=\"\" type=\"text\" name=\"sunombre\" \/><\/span>\n<\/p>\n<p><span class=\"wpcf7-form-control-wrap\" data-name=\"acceptance-901\"><span class=\"wpcf7-form-control wpcf7-acceptance\"><span class=\"wpcf7-list-item\"><label><input type=\"checkbox\" name=\"acceptance-901\" value=\"1\" aria-invalid=\"false\" \/><span class=\"wpcf7-list-item-label\"><span style=\"font-size:14px\">He le\u00eddo y acepto la <strong><a href=\"https:\/\/fundacioguell.com\/es\/politica-de-privacidad\/\" target=\"_blank\" rel=\"noopener\">pol\u00edtica de privacidad<\/a><\/strong><span><\/p><\/span><\/label><\/span><\/span><\/span>\n<\/p>\n<p><input class=\"wpcf7-form-control wpcf7-submit has-spinner\" type=\"submit\" value=\"SUSCR\u00cdBETE\" \/>\n<\/p><div class=\"wpcf7-response-output\" aria-hidden=\"true\"><\/div><p style=\"display: none !important\"><span class=\"wpcf7-form-control-wrap referer-page\"><input type=\"hidden\" name=\"referer-page\" value=\"http:\/\/Direct%20Visit\" data-value=\"http:\/\/Direct%20Visit\" class=\"wpcf7-form-control wpcf7-text referer-page\" aria-invalid=\"false\"><\/span><\/p>\n<!-- Chimpmatic extension by Renzo Johnson -->\n<\/form>\n<\/div>\n\n\n\n\t\t<\/div>\n\t\t\t\t\t<\/div>\n\n\t\n\n<\/div>\n\n\t\t<\/div>\n\n\t\t\n<style>\n#section_1378332482 {\n  padding-top: 0px;\n  padding-bottom: 0px;\n}\n<\/style>\n\t<\/section>\n\t\t<\/div>\n\t\n\t<\/p>\n\t\t<\/div>\n\n\t\t\n<style>\n#section_2037397003 {\n  padding-top: 0px;\n  padding-bottom: 0px;\n  min-height: 18vh;\n}\n<\/style>\n\t<\/section>\n\t\n\t\t<\/div>\n\t\t\t\t\n<style>\n#col-213209188 > .col-inner {\n  padding: 120px 0px 0px 0px;\n  margin: 50px 0px 0px 0px;\n}\n<\/style>\n\t<\/div>\n\n\t\n\n\t<div id=\"col-1918941422\" class=\"col hide-for-medium medium-2 small-12 large-2\"  >\n\t\t<div class=\"is-sticky-column\"><div class=\"is-sticky-column__inner\">\t\t<div class=\"col-inner\"  >\n\t\t\t\n\t<div class=\"is-border\"\n\t\tstyle=\"border-color:rgb(80, 113, 92);border-width:0px 1px 0px 0px;\">\n\t<\/div>\n\t\t\t\n<div class=\"row row-collapse row-full-width\"  id=\"row-777275528\">\r\n\r\n\n\t<div id=\"col-1849065328\" class=\"col medium-7 small-12 large-7\"  >\n\t\t\t\t<div class=\"col-inner\"  >\n\t\t\t\n\t\t\t\r\n\r\n<div class=\"row row-collapse row-full-width\"  id=\"row-852064646\">\r\n\r\n\n\t<div id=\"col-1806313798\" class=\"col medium-4 small-12 large-4\"  >\n\t\t\t\t<div class=\"col-inner text-left\"  >\n\t\t\t\n\t\t\t\r\n\r\n\n  <div class=\"banner has-hover\" id=\"banner-838290977\">\n          <div class=\"banner-inner fill\">\n        <div class=\"banner-bg fill\" >\n            <div class=\"bg fill bg-fill \"><\/div>\n                                    \n                    <\/div>\n\t\t\n        <div class=\"banner-layers container\">\n            <a class=\"fill\" href=\"https:\/\/fundacioguell.com\/es\/fundacion\/\" ><div class=\"fill banner-link\"><\/div><\/a>            \r\n\r\n   <div id=\"text-box-1159273842\" class=\"text-box banner-layer x50 md-x50 lg-x50 y90 md-y90 lg-y90 res-text\">\n                                <div class=\"text-box-content text dark\">\n              \n              <div class=\"text-inner text-left\">\n                  \r\n\r\n\t<div id=\"text-2100861201\" class=\"text min300\">\n\t\t\r\n\r\n<h4><a href=\"https:\/\/fundacioguell.com\/es\/fundacion\/\">Fundaci\u00f3n<\/a><\/h4>\r\n\t\t\n<style>\n#text-2100861201 {\n  font-size: 1.1rem;\n  text-align: left;\n}\n<\/style>\n\t<\/div>\n\t\r\n\r\n              <\/div>\n           <\/div>\n                            \n<style>\n#text-box-1159273842 {\n  width: 100%;\n}\n#text-box-1159273842 .text-box-content {\n  font-size: 100%;\n  transform: rotate(-90deg);\n}\n<\/style>\n    <\/div>\n \r\n\r\n        <\/div>\n      <\/div>\n\n            \n<style>\n#banner-838290977 {\n  padding-top: 100vh;\n  background-color: rgb(214, 162, 86);\n}\n<\/style>\n  <\/div>\n\n\r\n\r\n\t\t<\/div>\n\t\t\t\t\t<\/div>\n\n\t\r\n\n\t<div id=\"col-1007206663\" class=\"col medium-4 small-12 large-4\"  >\n\t\t\t\t<div class=\"col-inner\"  >\n\t\t\t\n\t\t\t\r\n\r\n\n  <div class=\"banner has-hover\" id=\"banner-953011064\">\n          <div class=\"banner-inner fill\">\n        <div class=\"banner-bg fill\" >\n            <div class=\"bg fill bg-fill \"><\/div>\n                                    \n                    <\/div>\n\t\t\n        <div class=\"banner-layers container\">\n            <a class=\"fill\" href=\"https:\/\/fundacioguell.com\/es\/becas-premios\/\" ><div class=\"fill banner-link\"><\/div><\/a>            \r\n\r\n   <div id=\"text-box-547978705\" class=\"text-box banner-layer x50 md-x50 lg-x50 y90 md-y90 lg-y90 res-text\">\n                                <div class=\"text-box-content text dark\">\n              \n              <div class=\"text-inner text-left\">\n                  \r\n\r\n\t<div id=\"text-1327242404\" class=\"text min300\">\n\t\t\r\n\r\n<h4><a href=\"https:\/\/fundacioguell.com\/es\/becas-premios\/\">Becas + Premios<\/a><\/h4>\r\n\t\t\n<style>\n#text-1327242404 {\n  font-size: 1.1rem;\n  text-align: left;\n}\n<\/style>\n\t<\/div>\n\t\r\n\r\n              <\/div>\n           <\/div>\n                            \n<style>\n#text-box-547978705 {\n  width: 100%;\n}\n#text-box-547978705 .text-box-content {\n  font-size: 100%;\n  transform: rotate(-90deg);\n}\n<\/style>\n    <\/div>\n \r\n\r\n        <\/div>\n      <\/div>\n\n            \n<style>\n#banner-953011064 {\n  padding-top: 100vh;\n  background-color: rgb(179, 85, 66);\n}\n<\/style>\n  <\/div>\n\n\r\n\r\n\t\t<\/div>\n\t\t\t\t\t<\/div>\n\n\t\r\n\n\t<div id=\"col-1352414897\" class=\"col medium-4 small-12 large-4\"  >\n\t\t\t\t<div class=\"col-inner\" style=\"background-color:rgb(218, 156, 163);\" >\n\t\t\t\n\t\t\t\r\n\r\n\n  <div class=\"banner has-hover\" id=\"banner-1446325264\">\n          <div class=\"banner-inner fill\">\n        <div class=\"banner-bg fill\" >\n            <div class=\"bg fill bg-fill \"><\/div>\n                                    \n                    <\/div>\n\t\t\n        <div class=\"banner-layers container\">\n            <a class=\"fill\" href=\"https:\/\/fundacioguell.com\/es\/aplica\/\" ><div class=\"fill banner-link\"><\/div><\/a>            \r\n\r\n   <div id=\"text-box-1759378922\" class=\"text-box banner-layer x50 md-x50 lg-x50 y90 md-y90 lg-y90 res-text\">\n                                <div class=\"text-box-content text dark\">\n              \n              <div class=\"text-inner text-left\">\n                  \r\n\r\n\t<div id=\"text-1586832789\" class=\"text min300\">\n\t\t\r\n\r\n<h4><a href=\"https:\/\/fundacioguell.com\/es\/aplica\/\">Aplica<\/a><\/h4>\r\n\t\t\n<style>\n#text-1586832789 {\n  font-size: 1.1rem;\n  text-align: left;\n}\n<\/style>\n\t<\/div>\n\t\r\n\r\n              <\/div>\n           <\/div>\n                            \n<style>\n#text-box-1759378922 {\n  width: 100%;\n}\n#text-box-1759378922 .text-box-content {\n  font-size: 100%;\n  transform: rotate(-90deg);\n}\n<\/style>\n    <\/div>\n \r\n\r\n        <\/div>\n      <\/div>\n\n            \n<style>\n#banner-1446325264 {\n  padding-top: 100vh;\n  background-color: rgb(218, 156, 163);\n}\n<\/style>\n  <\/div>\n\n\r\n\r\n\t\t<\/div>\n\t\t\t\t\t<\/div>\n\n\t\r\n\r\n<\/div>\r\n\r\n\t\t<\/div>\n\t\t\t\t\t<\/div>\n\n\t\r\n\n\t<div id=\"col-2137677050\" class=\"col medium-5 small-12 large-5\"  >\n\t\t\t\t<div class=\"col-inner\"  >\n\t\t\t\n\t\t\t\r\n\r\n<div class=\"row row-collapse\"  id=\"row-244780562\">\r\n\r\n\n\t<div id=\"col-7978106\" class=\"col medium-6 small-12 large-6\"  >\n\t\t\t\t<div class=\"col-inner\" style=\"background-color:rgb(69, 88, 103);\" >\n\t\t\t\n\t\t\t\r\n\r\n\n  <div class=\"banner has-hover\" id=\"banner-203402590\">\n          <div class=\"banner-inner fill\">\n        <div class=\"banner-bg fill\" >\n            <div class=\"bg fill bg-fill \"><\/div>\n                                    \n                    <\/div>\n\t\t\n        <div class=\"banner-layers container\">\n            <a class=\"fill\" href=\"https:\/\/fundacioguell.com\/es\/contacto\/\" ><div class=\"fill banner-link\"><\/div><\/a>            \r\n\r\n   <div id=\"text-box-184948678\" class=\"text-box banner-layer x50 md-x50 lg-x50 y90 md-y90 lg-y90 res-text\">\n                                <div class=\"text-box-content text dark\">\n              \n              <div class=\"text-inner text-left\">\n                  \r\n\r\n\t<div id=\"text-1507862271\" class=\"text min300\">\n\t\t\r\n\r\n<h4><a href=\"https:\/\/fundacioguell.com\/es\/contacto\/\">Contacto<\/a><\/h4>\r\n\t\t\n<style>\n#text-1507862271 {\n  font-size: 1.1rem;\n  text-align: left;\n}\n<\/style>\n\t<\/div>\n\t\r\n\r\n              <\/div>\n           <\/div>\n                            \n<style>\n#text-box-184948678 {\n  width: 100%;\n}\n#text-box-184948678 .text-box-content {\n  font-size: 100%;\n  transform: rotate(-90deg);\n}\n<\/style>\n    <\/div>\n \r\n\r\n        <\/div>\n      <\/div>\n\n            \n<style>\n#banner-203402590 {\n  padding-top: 100vh;\n  background-color: rgb(69, 88, 103);\n}\n<\/style>\n  <\/div>\n\n\r\n\r\n\t\t<\/div>\n\t\t\t\t\t<\/div>\n\n\t\r\n\n\t<div id=\"col-1687276662\" class=\"col medium-6 small-12 large-6\"  >\n\t\t\t\t<div class=\"col-inner\"  >\n\t\t\t\n\t\t\t\r\n\r\n\n  <div class=\"banner has-hover\" id=\"banner-557912032\">\n          <div class=\"banner-inner fill\">\n        <div class=\"banner-bg fill\" >\n            <div class=\"bg fill bg-fill \"><\/div>\n                                    \n                    <\/div>\n\t\t\n        <div class=\"banner-layers container\">\n            <a class=\"fill\" href=\"https:\/\/fundacioguell.com\/es\/amigos-fundacio-guell\/\" ><div class=\"fill banner-link\"><\/div><\/a>            \r\n\r\n   <div id=\"text-box-74862033\" class=\"text-box banner-layer x50 md-x50 lg-x50 y90 md-y90 lg-y90 res-text\">\n                                <div class=\"text-box-content text dark\">\n              \n              <div class=\"text-inner text-left\">\n                  \r\n\r\n\t<div id=\"text-2029110731\" class=\"text min300\">\n\t\t\r\n\r\n<h4><a href=\"https:\/\/fundacioguell.com\/es\/amigos-fundacio-guell\/\">Amigos Fundaci\u00f3 G\u00fcell<\/a><\/h4>\r\n\t\t\n<style>\n#text-2029110731 {\n  font-size: 1.1rem;\n  text-align: left;\n}\n<\/style>\n\t<\/div>\n\t\r\n\r\n              <\/div>\n           <\/div>\n                            \n<style>\n#text-box-74862033 {\n  width: 100%;\n}\n#text-box-74862033 .text-box-content {\n  font-size: 100%;\n  transform: rotate(-90deg);\n}\n<\/style>\n    <\/div>\n \r\n\r\n        <\/div>\n      <\/div>\n\n            \n<style>\n#banner-557912032 {\n  padding-top: 100vh;\n  background-color: rgb(80, 113, 92);\n}\n<\/style>\n  <\/div>\n\n\r\n\r\n\t\t<\/div>\n\t\t\t\t\t<\/div>\n\n\t\r\n\r\n<\/div>\r\n\r\n\t\t<\/div>\n\t\t\t\t\n<style>\n#col-2137677050 > .col-inner {\n  margin: 0px 0px 0px -1px;\n}\n<\/style>\n\t<\/div>\n\n\t\r\n\r\n<\/div>\n\t\t<\/div>\n\t\t<\/div><\/div>\t\t\n<style>\n#col-1918941422 > .is-sticky-column > .is-sticky-column__inner > .col-inner {\n  margin: -30px 0px 0px 0px;\n}\n<\/style>\n\t<\/div>\n\n\t\n<\/div>\n","protected":false},"excerpt":{"rendered":"","protected":false},"author":1,"featured_media":0,"parent":0,"menu_order":0,"comment_status":"closed","ping_status":"closed","template":"page-transparent-header.php","meta":[],"_links":{"self":[{"href":"https:\/\/fundacioguell.com\/es\/wp-json\/wp\/v2\/pages\/1609"}],"collection":[{"href":"https:\/\/fundacioguell.com\/es\/wp-json\/wp\/v2\/pages"}],"about":[{"href":"https:\/\/fundacioguell.com\/es\/wp-json\/wp\/v2\/types\/page"}],"author":[{"embeddable":true,"href":"https:\/\/fundacioguell.com\/es\/wp-json\/wp\/v2\/users\/1"}],"replies":[{"embeddable":true,"href":"https:\/\/fundacioguell.com\/es\/wp-json\/wp\/v2\/comments?post=1609"}],"version-history":[{"count":3,"href":"https:\/\/fundacioguell.com\/es\/wp-json\/wp\/v2\/pages\/1609\/revisions"}],"predecessor-version":[{"id":1642,"href":"https:\/\/fundacioguell.com\/es\/wp-json\/wp\/v2\/pages\/1609\/revisions\/1642"}],"wp:attachment":[{"href":"https:\/\/fundacioguell.com\/es\/wp-json\/wp\/v2\/media?parent=1609"}],"curies":[{"name":"wp","href":"https:\/\/api.w.org\/{rel}","templated":true}]}}