{"id":1645,"date":"2023-09-22T14:46:31","date_gmt":"2023-09-22T12:46:31","guid":{"rendered":"https:\/\/fundacioguell.com\/politica-de-privacitat\/"},"modified":"2023-12-20T16:10:57","modified_gmt":"2023-12-20T15:10:57","slug":"politica-de-privacidad","status":"publish","type":"page","link":"https:\/\/fundacioguell.com\/es\/politica-de-privacidad\/","title":{"rendered":"Pol\u00edtica de privacidad"},"content":{"rendered":"<div class=\"row row-collapse row-full-width\"  id=\"row-24884958\">\n\n\t<div id=\"col-1022910402\" class=\"col medium-12 small-12 large-10\"  >\n\t\t\t\t<div class=\"col-inner text-center\"  >\n\t\t\t\n\t\t\t\n\t<section class=\"section\" id=\"section_1427786170\">\n\t\t<div class=\"bg section-bg fill bg-fill  bg-loaded\" >\n\n\t\t\t\n\t\t\t\n\t\t\t\n\n\t\t<\/div>\n\n\t\t\n\n\t\t<div class=\"section-content relative\">\n\t\t\t\n<div class=\"row row-collapse row-full-width align-center\"  id=\"row-1504591709\">\n\n\t<div id=\"col-1734544403\" class=\"col medium-10 small-12 large-10\"  >\n\t\t\t\t<div class=\"col-inner text-left\"  >\n\t\t\t\n\t\t\t\n<h1>Pol\u00edtica de privacidad<\/h1>\n<p>La <strong>Fundaci\u00f3 Privada G\u00fcell<\/strong> (en adelante, Fundaci\u00f3 G\u00fcell) s\u00f3lo recoge los datos de car\u00e1cter personal que voluntariamente le facilite el usuario a trav\u00e9s del formulario de registro o del correo electr\u00f3nico de contacto del web <a href=\"http:\/\/www.fundaci\u00f3guell.com\">www.fundaci\u00f3guell.com<\/a> (info@fundacioguell.com)<\/p>\n<p>Estos datos ser\u00e1n tratados de acuerdo con la Ley Org\u00e1nica 3\/2018, de 5 de diciembre, de Protecci\u00f3n de datos personales y garant\u00eda de los derechos digitales.<\/p>\n<p>Con el env\u00edo de sus datos de car\u00e1cter personal, el usuario consiente el tratamiento de sus datos personales para las finalidades de la comunicaci\u00f3n entre \u00e9l\/ella y la Fundaci\u00f3 G\u00fcell, responsable del tratamiento.<\/p>\n<p>Se garantiza la confidencialidad en el tratamiento de los datos de car\u00e1cter personal, que son utilizados exclusivamente de manera interna y para las finalidades indicadas.<\/p>\n<p>Sin perjuicio del derecho a presentar una reclamaci\u00f3n ante una autoridad de control, entre ellas la Agencia Espa\u00f1ola de Protecci\u00f3n de Datos (<a href=\"http:\/\/www.aepd.es\">www.aepd.es<\/a>), y dentro de los l\u00edmites que se prev\u00e9n en la normativa de protecci\u00f3n de datos, el usuario puede exercer en cualquier momento los derechos reconocidos en la citada Ley Org\u00e1nica (entre otros, los de acceso, rectificaci\u00f3n, oposici\u00f3n y supresi\u00f3n) dirigi\u00e9ndose por escrito a:<\/p>\n<p>Fundaci\u00f3 Privada G\u00fcell<\/p>\n<p>Passeig Isabel II, n\u00famero 1, Casa Llotja, piso 2\u00ba<\/p>\n<p>08003 Barcelona<\/p>\n<p>\u00a0<\/p>\n<p>Las comunicaciones de ejercicio de estos derechos deber\u00e1n contener la informaci\u00f3n siguiente e ir acompa\u00f1adas necesariamente de los documentos siguientes:<\/p>\n<p>\u2013 Identificaci\u00f3n de la persona que ejerce sus derechos y direcci\u00f3n a efectos de comunicaciones, designando de forma expresa la notificaci\u00f3n por v\u00eda postal o electr\u00f3nica, siendo imprescindible, en este \u00faltimo caso, facilitar una direcci\u00f3n de correo electr\u00f3nico v\u00e1lida.<\/p>\n<p>\u2013 Petici\u00f3n en que se concreta la solicitud.<\/p>\n<p>\u2013 Fotocopia del D.N.I., pasaporte o cualquier otro documento oficial que acredite la identidad de la persona interesada.<\/p>\n<p>\u00a0<\/p>\n\t\t<\/div>\n\t\t\t\t\t<\/div>\n\n\t\n<\/div>\n\t\t<\/div>\n\n\t\t\n<style>\n#section_1427786170 {\n  padding-top: 0px;\n  padding-bottom: 0px;\n  min-height: 70vh;\n}\n@media (min-width:550px) {\n  #section_1427786170 {\n    min-height: 70vh;\n  }\n}\n<\/style>\n\t<\/section>\n\t\n\t<section class=\"section\" id=\"section_908456925\">\n\t\t<div class=\"bg section-bg fill bg-fill  bg-loaded\" >\n\n\t\t\t\n\t\t\t\n\t\t\t\n\n\t\t<\/div>\n\n\t\t\n\n\t\t<div class=\"section-content relative\">\n\t\t\t\n<div class=\"row row-collapse hide-for-small\"  id=\"row-2104319287\">\n\n\n\t<div id=\"col-176419075\" class=\"col small-12 large-12\"  >\n\t\t\t\t<div class=\"col-inner text-left\"  >\n\t\t\t\n\t\t\t\n\n<a href=\"#form\" target=\"_self\" class=\"button primary is-outline\"  style=\"border-radius:99px;\">\n    <span>NEWSLETTER<\/span>\n  <\/a>\n\n\n\n\t\t<\/div>\n\t\t\t\t\n<style>\n#col-176419075 > .col-inner {\n  padding: 0px 0px 15px 0px;\n}\n<\/style>\n\t<\/div>\n\n\t\n\n\t<div id=\"col-1633014892\" class=\"col medium-8 small-12 large-8\"  >\n\t\t\t\t<div class=\"col-inner text-left\"  >\n\t\t\t\n\t\t\t\n\n<h6>\u00a9 Fundaci\u00f3 G\u00fcell \u2013 2023 \/ <a href=\"https:\/\/fundacioguell.com\/es\/aviso-legal\/\">Aviso Legal<\/a> \u2013 <a href=\"https:\/\/fundacioguell.com\/es\/politica-de-cookies\/\">Pol\u00edtica de Cookies<\/a> \u2013 <a href=\"https:\/\/fundacioguell.com\/es\/politica-de-privacidad\/\">Pol\u00edtica de Privacidad<\/a><\/h6>\n\n\t\t<\/div>\n\t\t\t\t\n<style>\n#col-1633014892 > .col-inner {\n  padding: 8px 0px 0px 0px;\n}\n<\/style>\n\t<\/div>\n\n\t\n\n\t<div id=\"col-1237912944\" class=\"col medium-4 small-12 large-4\"  >\n\t\t\t\t<div class=\"col-inner\"  >\n\t\t\t\n\t\t\t\n\n\t<div id=\"text-1309294681\" class=\"text\">\n\t\t\n\n<strong><a href=\"https:\/\/www.instagram.com\/fundacioguell\/\" target=\"_blank\" rel=\"noopener\">S\u00edguenos en instagram<\/a><\/strong>\n\t\t\n<style>\n#text-1309294681 {\n  text-align: right;\n}\n<\/style>\n\t<\/div>\n\t\n\n\t\t<\/div>\n\t\t\t\t\t<\/div>\n\n\t\n\n<\/div>\n<div class=\"row row-collapse row-full-width align-middle align-center show-for-small\"  id=\"row-383417625\">\n\n\n\t<div id=\"col-1983204269\" class=\"col small-12 large-12\"  >\n\t\t\t\t<div class=\"col-inner text-center\"  >\n\t\t\t\n\t\t\t\n\n<a href=\"#form\" target=\"_self\" class=\"button primary is-outline\"  style=\"border-radius:99px;\">\n    <span>NEWSLETTER<\/span>\n  <\/a>\n\n\n\t<div id=\"text-1988601762\" class=\"text\">\n\t\t\n\n<a href=\"https:\/\/www.instagram.com\/fundacioguell\/\" target=\"_blank\" rel=\"noopener\">S\u00edguenos en instagram<\/a>\n\t\t\n<style>\n#text-1988601762 {\n  text-align: center;\n}\n<\/style>\n\t<\/div>\n\t\n\t<div id=\"text-2013989991\" class=\"text\">\n\t\t\n\n<h6>\u00a9 Fundaci\u00f3 G\u00fcell \u2013 2023 \/ Aviso Legal \u2013 Pol\u00edtica de Cookies \u2013 Pol\u00edtica de Privacidad<\/h6>\n\t\t\n<style>\n#text-2013989991 {\n  text-align: center;\n}\n<\/style>\n\t<\/div>\n\t\n\n\t\t<\/div>\n\t\t\t\t\t<\/div>\n\n\t\n\n<\/div>\n<p>&nbsp;<\/p>\n<p>\t<div id=\"form\"\n\t     class=\"lightbox-by-id lightbox-content mfp-hide lightbox-white \"\n\t     style=\"max-width:470px ;padding:30px\">\n\t\t\t<section class=\"section\" id=\"section_460983332\">\n\t\t<div class=\"bg section-bg fill bg-fill  bg-loaded\" >\n\n\t\t\t\n\t\t\t\n\t\t\t\n\n\t\t<\/div>\n\n\t\t\n\n\t\t<div class=\"section-content relative\">\n\t\t\t\n\n\t<div id=\"gap-1464838844\" class=\"gap-element clearfix\" style=\"display:block; height:auto;\">\n\t\t\n<style>\n#gap-1464838844 {\n  padding-top: 30px;\n}\n<\/style>\n\t<\/div>\n\t\n\n<div class=\"row row-collapse\"  id=\"row-435248913\">\n\n\n\t<div id=\"col-252188547\" class=\"col small-12 large-12\"  >\n\t\t\t\t<div class=\"col-inner\"  >\n\t\t\t\n\t\t\t\n\n\t<div id=\"text-1949265241\" class=\"text\">\n\t\t\n\n<p>\u00a1Ap\u00fantate a nuestra newsletter para estar al d\u00eda de nuestras novedades y pr\u00f3ximas convocatorias!<\/p>\n\n\t\t\n<style>\n#text-1949265241 {\n  font-size: 0.9rem;\n}\n<\/style>\n\t<\/div>\n\t\n\n<div class=\"wpcf7 no-js\" id=\"wpcf7-f1617-o1\" lang=\"es-ES\" dir=\"ltr\">\n<div class=\"screen-reader-response\"><p role=\"status\" aria-live=\"polite\" aria-atomic=\"true\"><\/p> <ul><\/ul><\/div>\n<form action=\"\/es\/wp-json\/wp\/v2\/pages\/1645#wpcf7-f1617-o1\" method=\"post\" class=\"wpcf7-form init mailchimp-ext-0.5.72\" aria-label=\"Formulario de contacto\" novalidate=\"novalidate\" data-status=\"init\">\n<div style=\"display: none;\">\n<input type=\"hidden\" name=\"_wpcf7\" value=\"1617\" \/>\n<input type=\"hidden\" name=\"_wpcf7_version\" value=\"5.8.3\" \/>\n<input type=\"hidden\" name=\"_wpcf7_locale\" value=\"es_ES\" \/>\n<input type=\"hidden\" name=\"_wpcf7_unit_tag\" value=\"wpcf7-f1617-o1\" \/>\n<input type=\"hidden\" name=\"_wpcf7_container_post\" value=\"0\" \/>\n<input type=\"hidden\" name=\"_wpcf7_posted_data_hash\" value=\"\" \/>\n<\/div>\n<p><span class=\"wpcf7-form-control-wrap\" data-name=\"sucorreo\"><input size=\"40\" class=\"wpcf7-form-control wpcf7-email wpcf7-validates-as-required wpcf7-text wpcf7-validates-as-email\" aria-required=\"true\" aria-invalid=\"false\" placeholder=\"Email*\" value=\"\" type=\"email\" name=\"sucorreo\" \/><\/span>\n<\/p>\n<p><span class=\"wpcf7-form-control-wrap\" data-name=\"sunombre\"><input size=\"40\" class=\"wpcf7-form-control wpcf7-text wpcf7-validates-as-required\" aria-required=\"true\" aria-invalid=\"false\" placeholder=\"Nombre y apellidos*\" value=\"\" type=\"text\" name=\"sunombre\" \/><\/span>\n<\/p>\n<p><span class=\"wpcf7-form-control-wrap\" data-name=\"acceptance-901\"><span class=\"wpcf7-form-control wpcf7-acceptance\"><span class=\"wpcf7-list-item\"><label><input type=\"checkbox\" name=\"acceptance-901\" value=\"1\" aria-invalid=\"false\" \/><span class=\"wpcf7-list-item-label\"><span style=\"font-size:14px\">He le\u00eddo y acepto la <strong><a href=\"https:\/\/fundacioguell.com\/es\/politica-de-privacidad\/\" target=\"_blank\" rel=\"noopener\">pol\u00edtica de privacidad<\/a><\/strong><span><\/p><\/span><\/label><\/span><\/span><\/span>\n<\/p>\n<p><input class=\"wpcf7-form-control wpcf7-submit has-spinner\" type=\"submit\" value=\"SUSCR\u00cdBETE\" \/>\n<\/p><div class=\"wpcf7-response-output\" aria-hidden=\"true\"><\/div><p style=\"display: none !important\"><span class=\"wpcf7-form-control-wrap referer-page\"><input type=\"hidden\" name=\"referer-page\" value=\"http:\/\/Direct%20Visit\" data-value=\"http:\/\/Direct%20Visit\" class=\"wpcf7-form-control wpcf7-text referer-page\" aria-invalid=\"false\"><\/span><\/p>\n<!-- Chimpmatic extension by Renzo Johnson -->\n<\/form>\n<\/div>\n\n\n\n\t\t<\/div>\n\t\t\t\t\t<\/div>\n\n\t\n\n<\/div>\n\n\t\t<\/div>\n\n\t\t\n<style>\n#section_460983332 {\n  padding-top: 0px;\n  padding-bottom: 0px;\n}\n<\/style>\n\t<\/section>\n\t\t<\/div>\n\t\n\t<\/p>\n\t\t<\/div>\n\n\t\t\n<style>\n#section_908456925 {\n  padding-top: 0px;\n  padding-bottom: 0px;\n  min-height: 18vh;\n}\n<\/style>\n\t<\/section>\n\t\n\t\t<\/div>\n\t\t\t\t\n<style>\n#col-1022910402 > .col-inner {\n  padding: 120px 0px 0px 0px;\n  margin: 50px 0px 0px 0px;\n}\n<\/style>\n\t<\/div>\n\n\t\n\n\t<div id=\"col-2109095867\" class=\"col hide-for-medium medium-2 small-12 large-2\"  >\n\t\t<div class=\"is-sticky-column\"><div class=\"is-sticky-column__inner\">\t\t<div class=\"col-inner\"  >\n\t\t\t\n\t<div class=\"is-border\"\n\t\tstyle=\"border-color:rgb(80, 113, 92);border-width:0px 1px 0px 0px;\">\n\t<\/div>\n\t\t\t\n<div class=\"row row-collapse row-full-width\"  id=\"row-288130629\">\r\n\r\n\n\t<div id=\"col-1313030969\" class=\"col medium-7 small-12 large-7\"  >\n\t\t\t\t<div class=\"col-inner\"  >\n\t\t\t\n\t\t\t\r\n\r\n<div class=\"row row-collapse row-full-width\"  id=\"row-1935418654\">\r\n\r\n\n\t<div id=\"col-1771465904\" class=\"col medium-4 small-12 large-4\"  >\n\t\t\t\t<div class=\"col-inner text-left\"  >\n\t\t\t\n\t\t\t\r\n\r\n\n  <div class=\"banner has-hover\" id=\"banner-942807188\">\n          <div class=\"banner-inner fill\">\n        <div class=\"banner-bg fill\" >\n            <div class=\"bg fill bg-fill \"><\/div>\n                                    \n                    <\/div>\n\t\t\n        <div class=\"banner-layers container\">\n            <a class=\"fill\" href=\"https:\/\/fundacioguell.com\/es\/fundacion\/\" ><div class=\"fill banner-link\"><\/div><\/a>            \r\n\r\n   <div id=\"text-box-699590991\" class=\"text-box banner-layer x50 md-x50 lg-x50 y90 md-y90 lg-y90 res-text\">\n                                <div class=\"text-box-content text dark\">\n              \n              <div class=\"text-inner text-left\">\n                  \r\n\r\n\t<div id=\"text-1290530712\" class=\"text min300\">\n\t\t\r\n\r\n<h4><a href=\"https:\/\/fundacioguell.com\/es\/fundacion\/\">Fundaci\u00f3n<\/a><\/h4>\r\n\t\t\n<style>\n#text-1290530712 {\n  font-size: 1.1rem;\n  text-align: left;\n}\n<\/style>\n\t<\/div>\n\t\r\n\r\n              <\/div>\n           <\/div>\n                            \n<style>\n#text-box-699590991 {\n  width: 100%;\n}\n#text-box-699590991 .text-box-content {\n  font-size: 100%;\n  transform: rotate(-90deg);\n}\n<\/style>\n    <\/div>\n \r\n\r\n        <\/div>\n      <\/div>\n\n            \n<style>\n#banner-942807188 {\n  padding-top: 100vh;\n  background-color: rgb(214, 162, 86);\n}\n<\/style>\n  <\/div>\n\n\r\n\r\n\t\t<\/div>\n\t\t\t\t\t<\/div>\n\n\t\r\n\n\t<div id=\"col-1632639260\" class=\"col medium-4 small-12 large-4\"  >\n\t\t\t\t<div class=\"col-inner\"  >\n\t\t\t\n\t\t\t\r\n\r\n\n  <div class=\"banner has-hover\" id=\"banner-1403297502\">\n          <div class=\"banner-inner fill\">\n        <div class=\"banner-bg fill\" >\n            <div class=\"bg fill bg-fill \"><\/div>\n                                    \n                    <\/div>\n\t\t\n        <div class=\"banner-layers container\">\n            <a class=\"fill\" href=\"https:\/\/fundacioguell.com\/es\/becas-premios\/\" ><div class=\"fill banner-link\"><\/div><\/a>            \r\n\r\n   <div id=\"text-box-68197576\" class=\"text-box banner-layer x50 md-x50 lg-x50 y90 md-y90 lg-y90 res-text\">\n                                <div class=\"text-box-content text dark\">\n              \n              <div class=\"text-inner text-left\">\n                  \r\n\r\n\t<div id=\"text-577901275\" class=\"text min300\">\n\t\t\r\n\r\n<h4><a href=\"https:\/\/fundacioguell.com\/es\/becas-premios\/\">Becas + Premios<\/a><\/h4>\r\n\t\t\n<style>\n#text-577901275 {\n  font-size: 1.1rem;\n  text-align: left;\n}\n<\/style>\n\t<\/div>\n\t\r\n\r\n              <\/div>\n           <\/div>\n                            \n<style>\n#text-box-68197576 {\n  width: 100%;\n}\n#text-box-68197576 .text-box-content {\n  font-size: 100%;\n  transform: rotate(-90deg);\n}\n<\/style>\n    <\/div>\n \r\n\r\n        <\/div>\n      <\/div>\n\n            \n<style>\n#banner-1403297502 {\n  padding-top: 100vh;\n  background-color: rgb(179, 85, 66);\n}\n<\/style>\n  <\/div>\n\n\r\n\r\n\t\t<\/div>\n\t\t\t\t\t<\/div>\n\n\t\r\n\n\t<div id=\"col-1232985892\" class=\"col medium-4 small-12 large-4\"  >\n\t\t\t\t<div class=\"col-inner\" style=\"background-color:rgb(218, 156, 163);\" >\n\t\t\t\n\t\t\t\r\n\r\n\n  <div class=\"banner has-hover\" id=\"banner-323233502\">\n          <div class=\"banner-inner fill\">\n        <div class=\"banner-bg fill\" >\n            <div class=\"bg fill bg-fill \"><\/div>\n                                    \n                    <\/div>\n\t\t\n        <div class=\"banner-layers container\">\n            <a class=\"fill\" href=\"https:\/\/fundacioguell.com\/es\/aplica\/\" ><div class=\"fill banner-link\"><\/div><\/a>            \r\n\r\n   <div id=\"text-box-53635517\" class=\"text-box banner-layer x50 md-x50 lg-x50 y90 md-y90 lg-y90 res-text\">\n                                <div class=\"text-box-content text dark\">\n              \n              <div class=\"text-inner text-left\">\n                  \r\n\r\n\t<div id=\"text-2407219991\" class=\"text min300\">\n\t\t\r\n\r\n<h4><a href=\"https:\/\/fundacioguell.com\/es\/aplica\/\">Aplica<\/a><\/h4>\r\n\t\t\n<style>\n#text-2407219991 {\n  font-size: 1.1rem;\n  text-align: left;\n}\n<\/style>\n\t<\/div>\n\t\r\n\r\n              <\/div>\n           <\/div>\n                            \n<style>\n#text-box-53635517 {\n  width: 100%;\n}\n#text-box-53635517 .text-box-content {\n  font-size: 100%;\n  transform: rotate(-90deg);\n}\n<\/style>\n    <\/div>\n \r\n\r\n        <\/div>\n      <\/div>\n\n            \n<style>\n#banner-323233502 {\n  padding-top: 100vh;\n  background-color: rgb(218, 156, 163);\n}\n<\/style>\n  <\/div>\n\n\r\n\r\n\t\t<\/div>\n\t\t\t\t\t<\/div>\n\n\t\r\n\r\n<\/div>\r\n\r\n\t\t<\/div>\n\t\t\t\t\t<\/div>\n\n\t\r\n\n\t<div id=\"col-1406303165\" class=\"col medium-5 small-12 large-5\"  >\n\t\t\t\t<div class=\"col-inner\"  >\n\t\t\t\n\t\t\t\r\n\r\n<div class=\"row row-collapse\"  id=\"row-1497832550\">\r\n\r\n\n\t<div id=\"col-78520476\" class=\"col medium-6 small-12 large-6\"  >\n\t\t\t\t<div class=\"col-inner\" style=\"background-color:rgb(69, 88, 103);\" >\n\t\t\t\n\t\t\t\r\n\r\n\n  <div class=\"banner has-hover\" id=\"banner-281729919\">\n          <div class=\"banner-inner fill\">\n        <div class=\"banner-bg fill\" >\n            <div class=\"bg fill bg-fill \"><\/div>\n                                    \n                    <\/div>\n\t\t\n        <div class=\"banner-layers container\">\n            <a class=\"fill\" href=\"https:\/\/fundacioguell.com\/es\/contacto\/\" ><div class=\"fill banner-link\"><\/div><\/a>            \r\n\r\n   <div id=\"text-box-778135072\" class=\"text-box banner-layer x50 md-x50 lg-x50 y90 md-y90 lg-y90 res-text\">\n                                <div class=\"text-box-content text dark\">\n              \n              <div class=\"text-inner text-left\">\n                  \r\n\r\n\t<div id=\"text-3162910581\" class=\"text min300\">\n\t\t\r\n\r\n<h4><a href=\"https:\/\/fundacioguell.com\/es\/contacto\/\">Contacto<\/a><\/h4>\r\n\t\t\n<style>\n#text-3162910581 {\n  font-size: 1.1rem;\n  text-align: left;\n}\n<\/style>\n\t<\/div>\n\t\r\n\r\n              <\/div>\n           <\/div>\n                            \n<style>\n#text-box-778135072 {\n  width: 100%;\n}\n#text-box-778135072 .text-box-content {\n  font-size: 100%;\n  transform: rotate(-90deg);\n}\n<\/style>\n    <\/div>\n \r\n\r\n        <\/div>\n      <\/div>\n\n            \n<style>\n#banner-281729919 {\n  padding-top: 100vh;\n  background-color: rgb(69, 88, 103);\n}\n<\/style>\n  <\/div>\n\n\r\n\r\n\t\t<\/div>\n\t\t\t\t\t<\/div>\n\n\t\r\n\n\t<div id=\"col-1583112185\" class=\"col medium-6 small-12 large-6\"  >\n\t\t\t\t<div class=\"col-inner\"  >\n\t\t\t\n\t\t\t\r\n\r\n\n  <div class=\"banner has-hover\" id=\"banner-2016274322\">\n          <div class=\"banner-inner fill\">\n        <div class=\"banner-bg fill\" >\n            <div class=\"bg fill bg-fill \"><\/div>\n                                    \n                    <\/div>\n\t\t\n        <div class=\"banner-layers container\">\n            <a class=\"fill\" href=\"https:\/\/fundacioguell.com\/es\/amigos-fundacio-guell\/\" ><div class=\"fill banner-link\"><\/div><\/a>            \r\n\r\n   <div id=\"text-box-1686591997\" class=\"text-box banner-layer x50 md-x50 lg-x50 y90 md-y90 lg-y90 res-text\">\n                                <div class=\"text-box-content text dark\">\n              \n              <div class=\"text-inner text-left\">\n                  \r\n\r\n\t<div id=\"text-2469130574\" class=\"text min300\">\n\t\t\r\n\r\n<h4><a href=\"https:\/\/fundacioguell.com\/es\/amigos-fundacio-guell\/\">Amigos Fundaci\u00f3 G\u00fcell<\/a><\/h4>\r\n\t\t\n<style>\n#text-2469130574 {\n  font-size: 1.1rem;\n  text-align: left;\n}\n<\/style>\n\t<\/div>\n\t\r\n\r\n              <\/div>\n           <\/div>\n                            \n<style>\n#text-box-1686591997 {\n  width: 100%;\n}\n#text-box-1686591997 .text-box-content {\n  font-size: 100%;\n  transform: rotate(-90deg);\n}\n<\/style>\n    <\/div>\n \r\n\r\n        <\/div>\n      <\/div>\n\n            \n<style>\n#banner-2016274322 {\n  padding-top: 100vh;\n  background-color: rgb(80, 113, 92);\n}\n<\/style>\n  <\/div>\n\n\r\n\r\n\t\t<\/div>\n\t\t\t\t\t<\/div>\n\n\t\r\n\r\n<\/div>\r\n\r\n\t\t<\/div>\n\t\t\t\t\n<style>\n#col-1406303165 > .col-inner {\n  margin: 0px 0px 0px -1px;\n}\n<\/style>\n\t<\/div>\n\n\t\r\n\r\n<\/div>\n\t\t<\/div>\n\t\t<\/div><\/div>\t\t\n<style>\n#col-2109095867 > .is-sticky-column > .is-sticky-column__inner > .col-inner {\n  margin: -30px 0px 0px 0px;\n}\n<\/style>\n\t<\/div>\n\n\t\n<\/div>\n","protected":false},"excerpt":{"rendered":"","protected":false},"author":1,"featured_media":0,"parent":0,"menu_order":0,"comment_status":"closed","ping_status":"open","template":"page-transparent-header.php","meta":[],"_links":{"self":[{"href":"https:\/\/fundacioguell.com\/es\/wp-json\/wp\/v2\/pages\/1645"}],"collection":[{"href":"https:\/\/fundacioguell.com\/es\/wp-json\/wp\/v2\/pages"}],"about":[{"href":"https:\/\/fundacioguell.com\/es\/wp-json\/wp\/v2\/types\/page"}],"author":[{"embeddable":true,"href":"https:\/\/fundacioguell.com\/es\/wp-json\/wp\/v2\/users\/1"}],"replies":[{"embeddable":true,"href":"https:\/\/fundacioguell.com\/es\/wp-json\/wp\/v2\/comments?post=1645"}],"version-history":[{"count":3,"href":"https:\/\/fundacioguell.com\/es\/wp-json\/wp\/v2\/pages\/1645\/revisions"}],"predecessor-version":[{"id":1649,"href":"https:\/\/fundacioguell.com\/es\/wp-json\/wp\/v2\/pages\/1645\/revisions\/1649"}],"wp:attachment":[{"href":"https:\/\/fundacioguell.com\/es\/wp-json\/wp\/v2\/media?parent=1645"}],"curies":[{"name":"wp","href":"https:\/\/api.w.org\/{rel}","templated":true}]}}